{"id":17747,"date":"2012-10-13T00:55:47","date_gmt":"2012-10-12T23:55:47","guid":{"rendered":"\/trends-2\/"},"modified":"2012-11-14T08:17:54","modified_gmt":"2012-11-14T08:17:54","slug":"tendencias-outono-inverno-201213","status":"publish","type":"page","link":"https:\/\/staging.catwalkyourself.com\/pt-br\/tendencias-outono-inverno-201213\/","title":{"rendered":"Tendencias: Outono-Inverno 2012\/13"},"content":{"rendered":"<p>As Semanas de Moda trazem um tsunami de inova\u00e7\u00e3o e looks que arrebatam os cora\u00e7\u00f5es de muita gente. Aqui, voc\u00ea pode conferir as \u00faltimas tend\u00eancias analisadas por n\u00f3s.<\/p>\n<ul class=\"image-content-gallery\">\n<li><a class=\"no-jmlink\" href=\"\/fashion-trends\/women-autumn-winter-2012-13-trends\/\"><img decoding=\"async\" class=\"alignnone size-full wp-image-7002\" title=\"Woman\" src=\"\/wp-content\/uploads\/2012\/10\/catwalk_yourself_woman_trends.jpg\" alt=\"Woman\" \/><\/a><br \/>\n<h3>Feminino<\/h3>\n<p>De silhuetas afiladas ao revival G\u00f3tico, preparamos a previs\u00e3o das tend\u00eancias para voc\u00ea se aproveitar tudo direto das passarelas.<\/p>\n<div class=\"spacer60 border\"><\/div>\n<ul class=\"word-list\">\n<li><a class=\"more\" href=\"\/fashion-trends\/women-autumn-winter-2012-13-trends\/\">Leia mais&#8230;<\/a><\/li>\n<\/ul>\n<\/li>\n<li><a class=\"no-jmlink\" href=\"\/fashion-trends\/man-autumn-winter-201213-trends\/\"><img decoding=\"async\" class=\"alignnone size-full wp-image-7004\" title=\"Menswear\" src=\"\/wp-content\/uploads\/2012\/10\/catwalk_yourself_man_trends.jpg\" alt=\"Menswear\" \/><\/a><br \/>\n<h3>Masculino<\/h3>\n<p>Do cavalheiro ao andr\u00f3gino, siga-nos enquanto revelamos as \u00faltimas tend\u00eancias para honrar o homem do come\u00e7o ao final dos desfiles.<\/p>\n<div class=\"spacer60 border\"><\/div>\n<ul class=\"word-list\">\n<li><a class=\"more\" href=\"\/fashion-trends\/man-autumn-winter-201213-trends\/\">Leia mais&#8230;<\/a><\/li>\n<\/ul>\n<\/li>\n<li><a class=\"no-jmlink\" href=\"\/fashion-trends\/make-up-hair-autumn-winter-2012-2013\/\"><img decoding=\"async\" class=\"alignnone size-full wp-image-7003\" title=\"Make Up &amp; Hair\" src=\"\/wp-content\/uploads\/2012\/10\/catwalk_yourself_makeup_trends.jpg\" alt=\"Make Up &amp; Hair\" \/><\/a><br \/>\n<h3>Cabelo e Maquiagem<\/h3>\n<p>Parte essencial de qualquer desfile de moda, veja as tend\u00eancias de cabelos e maquiagens criadas na passarela e para voc\u00ea. Da fic\u00e7\u00e3o cient\u00edfica \u00e0 donzela em perigo, encontre os looks aqui para destacar-se na multid\u00e3o.<\/p>\n<div class=\"spacer10 border\"><\/div>\n<ul class=\"word-list\">\n<li><a class=\"more\" href=\"\/fashion-trends\/make-up-hair-autumn-winter-2012-2013\/\">Leia mais&#8230;<\/a><\/li>\n<\/ul>\n<\/li>\n<\/ul>\n<div class=\"clearfix\"><\/div>\n","protected":false},"excerpt":{"rendered":"<p>As Semanas de Moda trazem um tsunami de inova\u00e7\u00e3o e looks que arrebatam os cora\u00e7\u00f5es de muita gente. Aqui, voc\u00ea pode conferir as \u00faltimas tend\u00eancias analisadas por n\u00f3s. Feminino De<br \/>&nbsp; &nbsp;<a href=\"https:\/\/staging.catwalkyourself.com\/pt-br\/tendencias-outono-inverno-201213\/\" class=\"more\">&#8230; read more<\/a><\/p>\n","protected":false},"author":1,"featured_media":167272,"parent":0,"menu_order":0,"comment_status":"open","ping_status":"open","template":"page-trends.php","meta":{"footnotes":""},"acf":[],"yoast_head":"<!-- This site is optimized with the Yoast SEO plugin v22.1 - https:\/\/yoast.com\/wordpress\/plugins\/seo\/ -->\n<title>Tendencias: Outono-Inverno 2012\/13 - Catwalk Yourself<\/title>\n<meta name=\"robots\" content=\"noindex, follow, max-snippet:-1, max-image-preview:large, max-video-preview:-1\" \/>\n<meta property=\"og:locale\" content=\"pt_BR\" \/>\n<meta property=\"og:type\" content=\"article\" \/>\n<meta property=\"og:title\" content=\"Tendencias: Outono-Inverno 2012\/13 - Catwalk Yourself\" \/>\n<meta property=\"og:description\" content=\"As Semanas de Moda trazem um tsunami de inova\u00e7\u00e3o e looks que arrebatam os cora\u00e7\u00f5es de muita gente. Aqui, voc\u00ea pode conferir as \u00faltimas tend\u00eancias analisadas por n\u00f3s. Feminino De&nbsp; &nbsp;... read more\" \/>\n<meta property=\"og:url\" content=\"https:\/\/staging.catwalkyourself.com\/pt-br\/tendencias-outono-inverno-201213\/\" \/>\n<meta property=\"og:site_name\" content=\"Catwalk Yourself\" \/>\n<meta property=\"article:modified_time\" content=\"2012-11-14T08:17:54+00:00\" \/>\n<meta property=\"og:image\" content=\"https:\/\/staging.catwalkyourself.com\/wp-content\/uploads\/2012\/10\/trends_catwalk_yourself_AW14_mke-up.jpg\" \/>\n\t<meta property=\"og:image:width\" content=\"240\" \/>\n\t<meta property=\"og:image:height\" content=\"160\" \/>\n\t<meta property=\"og:image:type\" content=\"image\/jpeg\" \/>\n<meta name=\"twitter:card\" content=\"summary_large_image\" \/>\n<meta name=\"twitter:label1\" content=\"Est. reading time\" \/>\n\t<meta name=\"twitter:data1\" content=\"1 minute\" \/>\n<script type=\"application\/ld+json\" class=\"yoast-schema-graph\">{\"@context\":\"https:\/\/schema.org\",\"@graph\":[{\"@type\":\"WebPage\",\"@id\":\"https:\/\/staging.catwalkyourself.com\/pt-br\/tendencias-outono-inverno-201213\/\",\"url\":\"https:\/\/staging.catwalkyourself.com\/pt-br\/tendencias-outono-inverno-201213\/\",\"name\":\"Tendencias: Outono-Inverno 2012\/13 - Catwalk Yourself\",\"isPartOf\":{\"@id\":\"https:\/\/staging.catwalkyourself.com\/#website\"},\"datePublished\":\"2012-10-12T23:55:47+00:00\",\"dateModified\":\"2012-11-14T08:17:54+00:00\",\"inLanguage\":\"pt-BR\",\"potentialAction\":[{\"@type\":\"ReadAction\",\"target\":[\"https:\/\/staging.catwalkyourself.com\/pt-br\/tendencias-outono-inverno-201213\/\"]}]},{\"@type\":\"WebSite\",\"@id\":\"https:\/\/staging.catwalkyourself.com\/#website\",\"url\":\"https:\/\/staging.catwalkyourself.com\/\",\"name\":\"Catwalk Yourself\",\"description\":\"\",\"potentialAction\":[{\"@type\":\"SearchAction\",\"target\":{\"@type\":\"EntryPoint\",\"urlTemplate\":\"https:\/\/staging.catwalkyourself.com\/?s={search_term_string}\"},\"query-input\":\"required name=search_term_string\"}],\"inLanguage\":\"pt-BR\"}]}<\/script>\n<!-- \/ Yoast SEO plugin. -->","yoast_head_json":{"title":"Tendencias: Outono-Inverno 2012\/13 - Catwalk Yourself","robots":{"index":"noindex","follow":"follow","max-snippet":"max-snippet:-1","max-image-preview":"max-image-preview:large","max-video-preview":"max-video-preview:-1"},"og_locale":"pt_BR","og_type":"article","og_title":"Tendencias: Outono-Inverno 2012\/13 - Catwalk Yourself","og_description":"As Semanas de Moda trazem um tsunami de inova\u00e7\u00e3o e looks que arrebatam os cora\u00e7\u00f5es de muita gente. Aqui, voc\u00ea pode conferir as \u00faltimas tend\u00eancias analisadas por n\u00f3s. Feminino De&nbsp; &nbsp;... read more","og_url":"https:\/\/staging.catwalkyourself.com\/pt-br\/tendencias-outono-inverno-201213\/","og_site_name":"Catwalk Yourself","article_modified_time":"2012-11-14T08:17:54+00:00","og_image":[{"width":240,"height":160,"url":"https:\/\/staging.catwalkyourself.com\/wp-content\/uploads\/2012\/10\/trends_catwalk_yourself_AW14_mke-up.jpg","type":"image\/jpeg"}],"twitter_card":"summary_large_image","twitter_misc":{"Est. reading time":"1 minute"},"schema":{"@context":"https:\/\/schema.org","@graph":[{"@type":"WebPage","@id":"https:\/\/staging.catwalkyourself.com\/pt-br\/tendencias-outono-inverno-201213\/","url":"https:\/\/staging.catwalkyourself.com\/pt-br\/tendencias-outono-inverno-201213\/","name":"Tendencias: Outono-Inverno 2012\/13 - Catwalk Yourself","isPartOf":{"@id":"https:\/\/staging.catwalkyourself.com\/#website"},"datePublished":"2012-10-12T23:55:47+00:00","dateModified":"2012-11-14T08:17:54+00:00","inLanguage":"pt-BR","potentialAction":[{"@type":"ReadAction","target":["https:\/\/staging.catwalkyourself.com\/pt-br\/tendencias-outono-inverno-201213\/"]}]},{"@type":"WebSite","@id":"https:\/\/staging.catwalkyourself.com\/#website","url":"https:\/\/staging.catwalkyourself.com\/","name":"Catwalk Yourself","description":"","potentialAction":[{"@type":"SearchAction","target":{"@type":"EntryPoint","urlTemplate":"https:\/\/staging.catwalkyourself.com\/?s={search_term_string}"},"query-input":"required name=search_term_string"}],"inLanguage":"pt-BR"}]}},"_links":{"self":[{"href":"https:\/\/staging.catwalkyourself.com\/pt-br\/wp-json\/wp\/v2\/pages\/17747"}],"collection":[{"href":"https:\/\/staging.catwalkyourself.com\/pt-br\/wp-json\/wp\/v2\/pages"}],"about":[{"href":"https:\/\/staging.catwalkyourself.com\/pt-br\/wp-json\/wp\/v2\/types\/page"}],"author":[{"embeddable":true,"href":"https:\/\/staging.catwalkyourself.com\/pt-br\/wp-json\/wp\/v2\/users\/1"}],"replies":[{"embeddable":true,"href":"https:\/\/staging.catwalkyourself.com\/pt-br\/wp-json\/wp\/v2\/comments?post=17747"}],"version-history":[{"count":4,"href":"https:\/\/staging.catwalkyourself.com\/pt-br\/wp-json\/wp\/v2\/pages\/17747\/revisions"}],"predecessor-version":[{"id":17748,"href":"https:\/\/staging.catwalkyourself.com\/pt-br\/wp-json\/wp\/v2\/pages\/17747\/revisions\/17748"}],"wp:featuredmedia":[{"embeddable":true,"href":"https:\/\/staging.catwalkyourself.com\/pt-br\/wp-json\/wp\/v2\/media\/167272"}],"wp:attachment":[{"href":"https:\/\/staging.catwalkyourself.com\/pt-br\/wp-json\/wp\/v2\/media?parent=17747"}],"curies":[{"name":"wp","href":"https:\/\/api.w.org\/{rel}","templated":true}]}}