{"id":17740,"date":"2012-10-09T17:33:42","date_gmt":"2012-10-09T16:33:42","guid":{"rendered":"\/biographies-2\/"},"modified":"2012-11-17T06:07:20","modified_gmt":"2012-11-17T06:07:20","slug":"biografias","status":"publish","type":"page","link":"https:\/\/staging.catwalkyourself.com\/pt-br\/biografias\/","title":{"rendered":"Biografias"},"content":{"rendered":"<p>Conhe\u00e7a os \u00edcones que ajudaram a esculpir a ind\u00fastria da moda criando cole\u00e7\u00f5es triunfantes e revistas e as estrelas que est\u00e3o eternizadas na cultura pop. Quem te inspira?<\/p>\n<ul class=\"image-content-gallery\">\n<li><a href=\"\/pt-br\/estilistas\/\"><img decoding=\"async\" class=\"alignnone size-full wp-image-7002\" title=\"catwalk_yourself_rtw_main\" src=\"\/wp-content\/uploads\/2012\/11\/catwalk_yourself_biography_designer.jpg\" alt=\"\" \/><\/a><br \/>\n<h3>Estilistas<\/h3>\n<ul>\n<li><a href=\"\/pt-br\/estilistas\/\">Visite todos!<\/a><\/li>\n<\/ul>\n<\/li>\n<li><a href=\"\/pt-br\/icones\/\"><img decoding=\"async\" class=\"alignnone size-full wp-image-7004\" title=\"catwalk_yourself_man_main\" src=\"\/wp-content\/uploads\/2012\/11\/catwalk_yourself_biography_icon.jpg\" alt=\"\" \/><\/a><br \/>\n<h3>\u00cdcones<\/h3>\n<ul>\n<li><a href=\"\/pt-br\/icones\/\">Visite todos!<\/a><\/li>\n<\/ul>\n<\/li>\n<li><a href=\"\/pt-br\/fotografos\/\"><img decoding=\"async\" class=\"alignnone size-full wp-image-7003\" title=\"catwalk_yourself_hc_main\" src=\"\/wp-content\/uploads\/2012\/11\/catwalk_yourself_biography_photographers.jpg\" alt=\"\" \/><\/a><br \/>\n<h3>Fot\u00f3grafos<\/h3>\n<ul>\n<li><a href=\"\/pt-br\/fotografos\/\">Visite todos!<\/a><\/li>\n<\/ul>\n<\/li>\n<\/ul>\n<div class=\"clearfix\"><\/div>\n<ul class=\"image-content-gallery\">\n<li><a href=\"\/pt-br\/modelos\/\"><img decoding=\"async\" class=\"alignnone size-full wp-image-7002\" title=\"catwalk_yourself_rtw_main\" src=\"\/wp-content\/uploads\/2012\/11\/catwalk_yourself_biography_models.jpg\" alt=\"\" \/><\/a><br \/>\n<h3>Modelos<\/h3>\n<ul>\n<li><a href=\"\/pt-br\/modelos\/\">Visite todos!<\/a><\/li>\n<\/ul>\n<\/li>\n<\/ul>\n<div class=\"clearfix\"><\/div>\n","protected":false},"excerpt":{"rendered":"<p>Conhe\u00e7a os \u00edcones que ajudaram a esculpir a ind\u00fastria da moda criando cole\u00e7\u00f5es triunfantes e revistas e as estrelas que est\u00e3o eternizadas na cultura pop. Quem te inspira? Estilistas Visite<br \/>&nbsp; &nbsp;<a href=\"https:\/\/staging.catwalkyourself.com\/pt-br\/biografias\/\" class=\"more\">&#8230; read more<\/a><\/p>\n","protected":false},"author":1,"featured_media":613412,"parent":0,"menu_order":0,"comment_status":"open","ping_status":"open","template":"page-fashion-biographies.php","meta":{"footnotes":""},"acf":[],"yoast_head":"<!-- This site is optimized with the Yoast SEO plugin v22.1 - https:\/\/yoast.com\/wordpress\/plugins\/seo\/ -->\n<title>Fashion Biographies<\/title>\n<meta name=\"robots\" content=\"noindex, follow, max-snippet:-1, max-image-preview:large, max-video-preview:-1\" \/>\n<meta property=\"og:locale\" content=\"pt_BR\" \/>\n<meta property=\"og:type\" content=\"article\" \/>\n<meta property=\"og:title\" content=\"Fashion Biographies\" \/>\n<meta property=\"og:description\" content=\"Conhe\u00e7a os \u00edcones que ajudaram a esculpir a ind\u00fastria da moda criando cole\u00e7\u00f5es triunfantes e revistas e as estrelas que est\u00e3o eternizadas na cultura pop. Quem te inspira? Estilistas Visite&nbsp; &nbsp;... read more\" \/>\n<meta property=\"og:url\" content=\"https:\/\/staging.catwalkyourself.com\/fashion-biographies-new\/\" \/>\n<meta property=\"og:site_name\" content=\"Catwalk Yourself\" \/>\n<meta property=\"article:modified_time\" content=\"2012-11-17T06:07:20+00:00\" \/>\n<meta property=\"og:image\" content=\"https:\/\/staging.catwalkyourself.com\/wp-content\/uploads\/2012\/10\/catwalk_yourself.designers.jpg\" \/>\n\t<meta property=\"og:image:width\" content=\"1840\" \/>\n\t<meta property=\"og:image:height\" content=\"1380\" \/>\n\t<meta property=\"og:image:type\" content=\"image\/jpeg\" \/>\n<meta name=\"twitter:card\" content=\"summary_large_image\" \/>\n<script type=\"application\/ld+json\" class=\"yoast-schema-graph\">{\"@context\":\"https:\/\/schema.org\",\"@graph\":[{\"@type\":\"WebPage\",\"@id\":\"https:\/\/staging.catwalkyourself.com\/fashion-biographies-new\/\",\"url\":\"https:\/\/staging.catwalkyourself.com\/fashion-biographies-new\/\",\"name\":\"Fashion Biographies\",\"isPartOf\":{\"@id\":\"https:\/\/staging.catwalkyourself.com\/#website\"},\"datePublished\":\"2012-10-09T16:33:42+00:00\",\"dateModified\":\"2012-11-17T06:07:20+00:00\",\"inLanguage\":\"pt-BR\",\"potentialAction\":[{\"@type\":\"ReadAction\",\"target\":[\"https:\/\/staging.catwalkyourself.com\/fashion-biographies-new\/\"]}]},{\"@type\":\"WebSite\",\"@id\":\"https:\/\/staging.catwalkyourself.com\/#website\",\"url\":\"https:\/\/staging.catwalkyourself.com\/\",\"name\":\"Catwalk Yourself\",\"description\":\"\",\"potentialAction\":[{\"@type\":\"SearchAction\",\"target\":{\"@type\":\"EntryPoint\",\"urlTemplate\":\"https:\/\/staging.catwalkyourself.com\/?s={search_term_string}\"},\"query-input\":\"required name=search_term_string\"}],\"inLanguage\":\"pt-BR\"}]}<\/script>\n<!-- \/ Yoast SEO plugin. -->","yoast_head_json":{"title":"Fashion Biographies","robots":{"index":"noindex","follow":"follow","max-snippet":"max-snippet:-1","max-image-preview":"max-image-preview:large","max-video-preview":"max-video-preview:-1"},"og_locale":"pt_BR","og_type":"article","og_title":"Fashion Biographies","og_description":"Conhe\u00e7a os \u00edcones que ajudaram a esculpir a ind\u00fastria da moda criando cole\u00e7\u00f5es triunfantes e revistas e as estrelas que est\u00e3o eternizadas na cultura pop. Quem te inspira? Estilistas Visite&nbsp; &nbsp;... read more","og_url":"https:\/\/staging.catwalkyourself.com\/fashion-biographies-new\/","og_site_name":"Catwalk Yourself","article_modified_time":"2012-11-17T06:07:20+00:00","og_image":[{"width":"1840","height":"1380","url":"https:\/\/staging.catwalkyourself.com\/wp-content\/uploads\/2012\/10\/catwalk_yourself.designers.jpg","type":"image\/jpeg"}],"twitter_card":"summary_large_image","schema":{"@context":"https:\/\/schema.org","@graph":[{"@type":"WebPage","@id":"https:\/\/staging.catwalkyourself.com\/fashion-biographies-new\/","url":"https:\/\/staging.catwalkyourself.com\/fashion-biographies-new\/","name":"Fashion Biographies","isPartOf":{"@id":"https:\/\/staging.catwalkyourself.com\/#website"},"datePublished":"2012-10-09T16:33:42+00:00","dateModified":"2012-11-17T06:07:20+00:00","inLanguage":"pt-BR","potentialAction":[{"@type":"ReadAction","target":["https:\/\/staging.catwalkyourself.com\/fashion-biographies-new\/"]}]},{"@type":"WebSite","@id":"https:\/\/staging.catwalkyourself.com\/#website","url":"https:\/\/staging.catwalkyourself.com\/","name":"Catwalk Yourself","description":"","potentialAction":[{"@type":"SearchAction","target":{"@type":"EntryPoint","urlTemplate":"https:\/\/staging.catwalkyourself.com\/?s={search_term_string}"},"query-input":"required name=search_term_string"}],"inLanguage":"pt-BR"}]}},"_links":{"self":[{"href":"https:\/\/staging.catwalkyourself.com\/pt-br\/wp-json\/wp\/v2\/pages\/17740"}],"collection":[{"href":"https:\/\/staging.catwalkyourself.com\/pt-br\/wp-json\/wp\/v2\/pages"}],"about":[{"href":"https:\/\/staging.catwalkyourself.com\/pt-br\/wp-json\/wp\/v2\/types\/page"}],"author":[{"embeddable":true,"href":"https:\/\/staging.catwalkyourself.com\/pt-br\/wp-json\/wp\/v2\/users\/1"}],"replies":[{"embeddable":true,"href":"https:\/\/staging.catwalkyourself.com\/pt-br\/wp-json\/wp\/v2\/comments?post=17740"}],"version-history":[{"count":2,"href":"https:\/\/staging.catwalkyourself.com\/pt-br\/wp-json\/wp\/v2\/pages\/17740\/revisions"}],"predecessor-version":[{"id":17741,"href":"https:\/\/staging.catwalkyourself.com\/pt-br\/wp-json\/wp\/v2\/pages\/17740\/revisions\/17741"}],"wp:featuredmedia":[{"embeddable":true,"href":"https:\/\/staging.catwalkyourself.com\/pt-br\/wp-json\/wp\/v2\/media\/613412"}],"wp:attachment":[{"href":"https:\/\/staging.catwalkyourself.com\/pt-br\/wp-json\/wp\/v2\/media?parent=17740"}],"curies":[{"name":"wp","href":"https:\/\/api.w.org\/{rel}","templated":true}]}}