{"id":17734,"date":"2012-10-05T11:59:14","date_gmt":"2012-10-05T10:59:14","guid":{"rendered":"\/fashion-weeks-2\/"},"modified":"2024-09-18T12:43:01","modified_gmt":"2024-09-18T11:43:01","slug":"desfiles","status":"publish","type":"page","link":"https:\/\/staging.catwalkyourself.com\/pt-br\/desfiles\/","title":{"rendered":"Desfiles"},"content":{"rendered":"<ul class=\"image-content-gallery\">\n<li><img decoding=\"async\" class=\"alignnone size-full wp-image-7002\" title=\"catwalk_yourself_rtw_main\" src=\"\/wp-content\/uploads\/2012\/10\/catwalk_yourself_weeks_rtw.jpg\" alt=\"\" \/><br \/>\n<h3>Pr\u00eat \u00e0 porter<\/h3>\n<p>De Nova York a Paris, os vastos gostos e est\u00e9ticas mostrar o verdadeiro poder da moda e da criatividade humana. Voc\u00ea testemunha tudo isso em um s\u00f3 lugar: aqui.<\/p>\n<div class=\"clearfix\"><\/div>\n<div class=\"spacer30\"><\/div>\n<ul>\n<li>Primavera-Ver\u00e3o\u00a02013<\/li>\n<li><a href=\"\/pt-br\/ready-to-wear-autumn-winter-2012-2013\/\">Outono-Inverno\u00a02012\/2013<\/a><\/li>\n<li><a href=\"\/pt-br\/ready-to-wear-spring-summer-2012\/\">Primavera-Ver\u00e3o\u00a02012<\/a><\/li>\n<li><a href=\"\/pt-br\/ready-to-wear-autumn-winter-2011-2012\/\">Outono-Inverno\u00a02011\/2012<\/a><\/li>\n<li><a href=\"\/pt-br\/ready-to-wear-spring-summer-2011\/\">Primavera-Ver\u00e3o\u00a02011<\/a><\/li>\n<li><a href=\"\/pt-br\/ready-to-wear-autumn-winter-2010-2011\/\">Outono-Inverno\u00a02010\/2011<\/a><\/li>\n<\/ul>\n<\/li>\n<li><img decoding=\"async\" class=\"alignnone size-full wp-image-7004\" title=\"catwalk_yourself_man_main\" src=\"\/wp-content\/uploads\/2012\/10\/catwalk_yourself_weeks_man.jpg\" alt=\"\" \/><br \/>\n<h3>Moda Masculino<\/h3>\n<p>Da eleg\u00e2ncia \u00e0 androginia, testemunhe a r\u00e1pida diversifica\u00e7\u00e3o e o florescer da moda masculina em uma variedade de processos criativos que acontece a cada esta\u00e7\u00e3o.<\/p>\n<div class=\"spacer20\"><\/div>\n<ul>\n<li><a href=\"\/pt-br\/masculino-primavera-verao-2013\/\">Primavera-Ver\u00e3o\u00a02013<\/a><\/li>\n<li><a href=\"\/pt-br\/masculino-outono-inverno-2012-2013\/\">Outono-Inverno\u00a02012\/2013<\/a><\/li>\n<li><a href=\"\/pt-br\/masculino-primavera-verao-2012\/\">Primavera-Ver\u00e3o\u00a02012<\/a><\/li>\n<li><a href=\"\/pt-br\/masculino-outono-inverno-2011-2012\/\">Outono-Inverno\u00a02011\/2012<\/a><\/li>\n<li><a href=\"\/pt-br\/masculino-primavera-verao-2011\/\">Primavera-Ver\u00e3o\u00a02011<\/a><\/li>\n<li><a href=\"\/pt-br\/masculino-outono-inverno-2010-2011\/\">Outono-Inverno\u00a02010\/2011<\/a><\/li>\n<\/ul>\n<\/li>\n<li><img decoding=\"async\" loading=\"lazy\" width=\"240\" height=\"160\" class=\"alignnone size-full wp-image-7003\" title=\"catwalk_yourself_hc_main\" src=\"\/wp-content\/uploads\/2012\/10\/catwalk_yourself_hc_main.jpg\" alt=\"\" srcset=\"https:\/\/staging.catwalkyourself.com\/wp-content\/uploads\/2012\/10\/catwalk_yourself_hc_main.jpg 240w, https:\/\/staging.catwalkyourself.com\/wp-content\/uploads\/2012\/10\/catwalk_yourself_hc_main-160x106.jpg 160w\" sizes=\"(max-width: 240px) 100vw, 240px\" \/><br \/>\n<h3>Alta Costura<\/h3>\n<p>A Alca Costura em forma de arte: fuja para um mundo magn\u00edfico de design impec\u00e1vel e de m\u00ednimos detalhes. Entre para ver um conto de fadas na vida real.<\/p>\n<div class=\"spacer40\"><\/div>\n<ul>\n<li><a href=\"\/pt-br\/haute-couture-primavera-verao-2013\/\">Primavera-Ver\u00e3o 2013<\/a><\/li>\n<li><a href=\"\/pt-br\/haute-couture-outono-inverno-2012-2013\/\">Outono-Inverno\u00a02012\/2013<\/a><\/li>\n<li><a href=\"\/pt-br\/haute-couture-primavera-verao-2012\/\">Primavera-Ver\u00e3o\u00a02012<\/a><\/li>\n<li><a href=\"\/pt-br\/haute-couture-outono-inverno-2011-2012\/\">Outono-Inverno\u00a02011\/2012<\/a><\/li>\n<li><a href=\"\/pt-br\/haute-couture-primavera-verao-2011\/\">Primavera-Ver\u00e3o\u00a02011<\/a><\/li>\n<li><a href=\"\/pt-br\/haute-couture-outono-inverno-2010-2011\/\">Outono-Inverno\u00a02010\/11<\/a><\/li>\n<li><a href=\"\/pt-br\/haute-couture-primavera-verao-2010\/\">Primavera-Ver\u00e3o\u00a02010<\/a><\/li>\n<\/ul>\n<\/li>\n<\/ul>\n<div class=\"clearfix\"><\/div>\n","protected":false},"excerpt":{"rendered":"<p>Pr\u00eat \u00e0 porter De Nova York a Paris, os vastos gostos e est\u00e9ticas mostrar o verdadeiro poder da moda e da criatividade humana. Voc\u00ea testemunha tudo isso em um s\u00f3<br \/>&nbsp; &nbsp;<a href=\"https:\/\/staging.catwalkyourself.com\/pt-br\/desfiles\/\" class=\"more\">&#8230; read more<\/a><\/p>\n","protected":false},"author":1,"featured_media":72439,"parent":0,"menu_order":0,"comment_status":"open","ping_status":"open","template":"page-fashion-seasons.php","meta":{"footnotes":""},"acf":[],"yoast_head":"<!-- This site is optimized with the Yoast SEO plugin v22.1 - https:\/\/yoast.com\/wordpress\/plugins\/seo\/ -->\n<title>Destaques e hist\u00f3ria da Semana da Moda | Catwalk Yourself<\/title>\n<meta name=\"description\" content=\"Mantenha-se atualizado sobre as tend\u00eancias da Semana da Moda com as opini\u00f5es de especialistas da Catwalk Yourself. Explore as \u00faltimas colec\u00e7\u00f5es\" \/>\n<meta name=\"robots\" content=\"noindex, follow, max-snippet:-1, max-image-preview:large, max-video-preview:-1\" \/>\n<meta property=\"og:locale\" content=\"pt_BR\" \/>\n<meta property=\"og:type\" content=\"article\" \/>\n<meta property=\"og:title\" content=\"Destaques e hist\u00f3ria da Semana da Moda | Catwalk Yourself\" \/>\n<meta property=\"og:description\" content=\"Mantenha-se atualizado sobre as tend\u00eancias da Semana da Moda com as opini\u00f5es de especialistas da Catwalk Yourself. Explore as \u00faltimas colec\u00e7\u00f5es\" \/>\n<meta property=\"og:url\" content=\"https:\/\/staging.catwalkyourself.com\/pt-br\/desfiles\/\" \/>\n<meta property=\"og:site_name\" content=\"Catwalk Yourself\" \/>\n<meta property=\"article:modified_time\" content=\"2024-09-18T11:43:01+00:00\" \/>\n<meta property=\"og:image\" content=\"https:\/\/staging.catwalkyourself.com\/wp-content\/uploads\/2012\/10\/catwalk_yourself_man_main.jpg\" \/>\n\t<meta property=\"og:image:width\" content=\"240\" \/>\n\t<meta property=\"og:image:height\" content=\"160\" \/>\n\t<meta property=\"og:image:type\" content=\"image\/jpeg\" \/>\n<meta name=\"twitter:card\" content=\"summary_large_image\" \/>\n<meta name=\"twitter:label1\" content=\"Est. reading time\" \/>\n\t<meta name=\"twitter:data1\" content=\"2 minutes\" \/>\n<script type=\"application\/ld+json\" class=\"yoast-schema-graph\">{\"@context\":\"https:\/\/schema.org\",\"@graph\":[{\"@type\":\"WebPage\",\"@id\":\"https:\/\/staging.catwalkyourself.com\/pt-br\/desfiles\/\",\"url\":\"https:\/\/staging.catwalkyourself.com\/pt-br\/desfiles\/\",\"name\":\"Destaques e hist\u00f3ria da Semana da Moda | Catwalk Yourself\",\"isPartOf\":{\"@id\":\"https:\/\/staging.catwalkyourself.com\/#website\"},\"datePublished\":\"2012-10-05T10:59:14+00:00\",\"dateModified\":\"2024-09-18T11:43:01+00:00\",\"description\":\"Mantenha-se atualizado sobre as tend\u00eancias da Semana da Moda com as opini\u00f5es de especialistas da Catwalk Yourself. Explore as \u00faltimas colec\u00e7\u00f5es\",\"inLanguage\":\"pt-BR\",\"potentialAction\":[{\"@type\":\"ReadAction\",\"target\":[\"https:\/\/staging.catwalkyourself.com\/pt-br\/desfiles\/\"]}]},{\"@type\":\"WebSite\",\"@id\":\"https:\/\/staging.catwalkyourself.com\/#website\",\"url\":\"https:\/\/staging.catwalkyourself.com\/\",\"name\":\"Catwalk Yourself\",\"description\":\"\",\"potentialAction\":[{\"@type\":\"SearchAction\",\"target\":{\"@type\":\"EntryPoint\",\"urlTemplate\":\"https:\/\/staging.catwalkyourself.com\/?s={search_term_string}\"},\"query-input\":\"required name=search_term_string\"}],\"inLanguage\":\"pt-BR\"}]}<\/script>\n<!-- \/ Yoast SEO plugin. -->","yoast_head_json":{"title":"Destaques e hist\u00f3ria da Semana da Moda | Catwalk Yourself","description":"Mantenha-se atualizado sobre as tend\u00eancias da Semana da Moda com as opini\u00f5es de especialistas da Catwalk Yourself. Explore as \u00faltimas colec\u00e7\u00f5es","robots":{"index":"noindex","follow":"follow","max-snippet":"max-snippet:-1","max-image-preview":"max-image-preview:large","max-video-preview":"max-video-preview:-1"},"og_locale":"pt_BR","og_type":"article","og_title":"Destaques e hist\u00f3ria da Semana da Moda | Catwalk Yourself","og_description":"Mantenha-se atualizado sobre as tend\u00eancias da Semana da Moda com as opini\u00f5es de especialistas da Catwalk Yourself. Explore as \u00faltimas colec\u00e7\u00f5es","og_url":"https:\/\/staging.catwalkyourself.com\/pt-br\/desfiles\/","og_site_name":"Catwalk Yourself","article_modified_time":"2024-09-18T11:43:01+00:00","og_image":[{"width":"240","height":"160","url":"https:\/\/staging.catwalkyourself.com\/wp-content\/uploads\/2012\/10\/catwalk_yourself_man_main.jpg","type":"image\/jpeg"}],"twitter_card":"summary_large_image","twitter_misc":{"Est. reading time":"2 minutes"},"schema":{"@context":"https:\/\/schema.org","@graph":[{"@type":"WebPage","@id":"https:\/\/staging.catwalkyourself.com\/pt-br\/desfiles\/","url":"https:\/\/staging.catwalkyourself.com\/pt-br\/desfiles\/","name":"Destaques e hist\u00f3ria da Semana da Moda | Catwalk Yourself","isPartOf":{"@id":"https:\/\/staging.catwalkyourself.com\/#website"},"datePublished":"2012-10-05T10:59:14+00:00","dateModified":"2024-09-18T11:43:01+00:00","description":"Mantenha-se atualizado sobre as tend\u00eancias da Semana da Moda com as opini\u00f5es de especialistas da Catwalk Yourself. Explore as \u00faltimas colec\u00e7\u00f5es","inLanguage":"pt-BR","potentialAction":[{"@type":"ReadAction","target":["https:\/\/staging.catwalkyourself.com\/pt-br\/desfiles\/"]}]},{"@type":"WebSite","@id":"https:\/\/staging.catwalkyourself.com\/#website","url":"https:\/\/staging.catwalkyourself.com\/","name":"Catwalk Yourself","description":"","potentialAction":[{"@type":"SearchAction","target":{"@type":"EntryPoint","urlTemplate":"https:\/\/staging.catwalkyourself.com\/?s={search_term_string}"},"query-input":"required name=search_term_string"}],"inLanguage":"pt-BR"}]}},"_links":{"self":[{"href":"https:\/\/staging.catwalkyourself.com\/pt-br\/wp-json\/wp\/v2\/pages\/17734"}],"collection":[{"href":"https:\/\/staging.catwalkyourself.com\/pt-br\/wp-json\/wp\/v2\/pages"}],"about":[{"href":"https:\/\/staging.catwalkyourself.com\/pt-br\/wp-json\/wp\/v2\/types\/page"}],"author":[{"embeddable":true,"href":"https:\/\/staging.catwalkyourself.com\/pt-br\/wp-json\/wp\/v2\/users\/1"}],"replies":[{"embeddable":true,"href":"https:\/\/staging.catwalkyourself.com\/pt-br\/wp-json\/wp\/v2\/comments?post=17734"}],"version-history":[{"count":9,"href":"https:\/\/staging.catwalkyourself.com\/pt-br\/wp-json\/wp\/v2\/pages\/17734\/revisions"}],"predecessor-version":[{"id":708288,"href":"https:\/\/staging.catwalkyourself.com\/pt-br\/wp-json\/wp\/v2\/pages\/17734\/revisions\/708288"}],"wp:featuredmedia":[{"embeddable":true,"href":"https:\/\/staging.catwalkyourself.com\/pt-br\/wp-json\/wp\/v2\/media\/72439"}],"wp:attachment":[{"href":"https:\/\/staging.catwalkyourself.com\/pt-br\/wp-json\/wp\/v2\/media?parent=17734"}],"curies":[{"name":"wp","href":"https:\/\/api.w.org\/{rel}","templated":true}]}}