{"id":17429,"date":"2012-09-13T07:18:48","date_gmt":"2012-09-13T06:18:48","guid":{"rendered":"\/fashion-and-history-2\/"},"modified":"2024-09-18T12:40:25","modified_gmt":"2024-09-18T11:40:25","slug":"historia-da-moda","status":"publish","type":"page","link":"https:\/\/staging.catwalkyourself.com\/pt-br\/historia-da-moda\/","title":{"rendered":"Hist\u00f3ria da Moda"},"content":{"rendered":"<p><img decoding=\"async\" title=\"Femmes se remaquillant dans un jardin public. Paris, vers 1930. HRL-649275\" src=\"\/wp-content\/uploads\/2012\/09\/catwalk_yourself.history.jpg\" alt=\"Fashion and History\" \/><br \/>\n<em class=\"copyright\">Copyright \u00a9 AFP \/ Harlingue \/ Collection Roger-Viollet<\/em><\/p>\n<div class=\"clearfix\"><\/div>\n<p>Para mim, moda \u00e9 identidade. \u00c9 quem voc\u00ea \u00e9, sua personalidade, sua criatividade &#8211; voc\u00ea como indiv\u00edduo. A moda pode representar status, ocupa\u00e7\u00e3o e g\u00eanero e tamb\u00e9m pode ser misturada, reutilizada, re-estilizada. Nem todo mundo gosta de moda ou se interessa por moda, mas todos est\u00e3o, de alguma forma, envolvidos.<\/p>\n<p>Com a constante mudan\u00e7a de estilos, as \u00faltimas tend\u00eancias s\u00e3o pequenas se comparadas \u00e0 hist\u00f3ria da moda. Vestimos o que vestimos hoje por conta do que aconteceu no passado. A \u00faltima d\u00e9cada revisitou as eras passadas para se inspirar e expirou um estilo nost\u00e1lgico que resultou em um mundo vestido sabiamente. Sem a hist\u00f3ria da moda, os estilistas n\u00e3o poderiam criar as roupas que temos agora. \u00c9 importante entender por que nos vestimos como nos vestimos, \u00e0s vezes com arrependimentos ou com eleg\u00e2ncia, porque tudo se baseia na nossa hist\u00f3ria da moda.<\/p>\n<p>Cultura, artistas, m\u00fasicos e pol\u00edticos: todos nos inspiraram na maneira como nos vestidos. A hist\u00f3ria da moda \u00e9 tudo isso, n\u00e3o apenas as roupas em si. As pessoas e os eventos que influenciaram\u00a0 moda s\u00e3o t\u00e3o importantes quantos as pr\u00f3prias roupas.<\/p>\n<p><strong>Visite nossas d\u00e9cadas:<\/strong><\/p>\n<ul class=\"word-list stretch\">\n<li><a href=\"https:\/\/www.catwalkyourself.com\/pt-br\/fashion-history\/de-1920-a-1930\/\">1920&#8217;s<\/a><\/li>\n<li><a href=\"https:\/\/www.catwalkyourself.com\/pt-br\/fashion-history\/de-1930-a-1940\/\">1930&#8217;s<\/a><\/li>\n<li><a href=\"https:\/\/www.catwalkyourself.com\/pt-br\/fashion-history\/1940s-1950s\/\">1940&#8217;s <\/a><\/li>\n<li><a href=\"https:\/\/www.catwalkyourself.com\/pt-br\/fashion-history\/de-1950-a-1960\/\">1950&#8217;s <\/a><\/li>\n<li><a href=\"https:\/\/www.catwalkyourself.com\/pt-br\/fashion-history\/de-1960-a-1970\/\">1960&#8217;s <\/a><\/li>\n<li><a href=\"https:\/\/www.catwalkyourself.com\/pt-br\/fashion-history\/de-1970-a-1980\/\">1970&#8217;s <\/a><\/li>\n<li><a href=\"https:\/\/www.catwalkyourself.com\/pt-br\/fashion-history\/de-1980-a-1990\/\">1980&#8217;s <\/a><\/li>\n<li><a href=\"https:\/\/www.catwalkyourself.com\/pt-br\/fashion-history\/de-1990-a-2000\/\">1990&#8217;s <\/a><\/li>\n<li><a href=\"https:\/\/www.catwalkyourself.com\/pt-br\/fashion-history\/de-2000-a-2010\/\">2000&#8217;s<\/a><\/li>\n<\/ul>\n","protected":false},"excerpt":{"rendered":"<p>Copyright \u00a9 AFP \/ Harlingue \/ Collection Roger-Viollet Para mim, moda \u00e9 identidade. \u00c9 quem voc\u00ea \u00e9, sua personalidade, sua criatividade &#8211; voc\u00ea como indiv\u00edduo. A moda pode representar status,<br \/>&nbsp; &nbsp;<a href=\"https:\/\/staging.catwalkyourself.com\/pt-br\/historia-da-moda\/\" class=\"more\">&#8230; read more<\/a><\/p>\n","protected":false},"author":1,"featured_media":607841,"parent":0,"menu_order":0,"comment_status":"open","ping_status":"open","template":"page-fashion-biographies.php","meta":{"footnotes":""},"acf":[],"yoast_head":"<!-- This site is optimized with the Yoast SEO plugin v22.1 - https:\/\/yoast.com\/wordpress\/plugins\/seo\/ -->\n<title>Explorar a hist\u00f3ria da moda | Catwalk Yourself<\/title>\n<meta name=\"description\" content=\"Explore a rica hist\u00f3ria da moda com Catwalk Yourself. Mergulhe na evolu\u00e7\u00e3o do estilo e das tend\u00eancias que definiram cada per\u00edodo da moda.\" \/>\n<meta name=\"robots\" content=\"noindex, follow, max-snippet:-1, max-image-preview:large, max-video-preview:-1\" \/>\n<meta property=\"og:locale\" content=\"pt_BR\" \/>\n<meta property=\"og:type\" content=\"article\" \/>\n<meta property=\"og:title\" content=\"Explorar a hist\u00f3ria da moda | Catwalk Yourself\" \/>\n<meta property=\"og:description\" content=\"Explore a rica hist\u00f3ria da moda com Catwalk Yourself. Mergulhe na evolu\u00e7\u00e3o do estilo e das tend\u00eancias que definiram cada per\u00edodo da moda.\" \/>\n<meta property=\"og:url\" content=\"https:\/\/staging.catwalkyourself.com\/pt-br\/historia-da-moda\/\" \/>\n<meta property=\"og:site_name\" content=\"Catwalk Yourself\" \/>\n<meta property=\"article:modified_time\" content=\"2024-09-18T11:40:25+00:00\" \/>\n<meta property=\"og:image\" content=\"https:\/\/staging.catwalkyourself.com\/wp-content\/uploads\/2012\/09\/catwalk_yourself.history.jpg\" \/>\n\t<meta property=\"og:image:width\" content=\"640\" \/>\n\t<meta property=\"og:image:height\" content=\"433\" \/>\n\t<meta property=\"og:image:type\" content=\"image\/jpeg\" \/>\n<meta name=\"twitter:card\" content=\"summary_large_image\" \/>\n<meta name=\"twitter:label1\" content=\"Est. reading time\" \/>\n\t<meta name=\"twitter:data1\" content=\"2 minutes\" \/>\n<script type=\"application\/ld+json\" class=\"yoast-schema-graph\">{\"@context\":\"https:\/\/schema.org\",\"@graph\":[{\"@type\":\"WebPage\",\"@id\":\"https:\/\/staging.catwalkyourself.com\/pt-br\/historia-da-moda\/\",\"url\":\"https:\/\/staging.catwalkyourself.com\/pt-br\/historia-da-moda\/\",\"name\":\"Explorar a hist\u00f3ria da moda | Catwalk Yourself\",\"isPartOf\":{\"@id\":\"https:\/\/staging.catwalkyourself.com\/#website\"},\"datePublished\":\"2012-09-13T06:18:48+00:00\",\"dateModified\":\"2024-09-18T11:40:25+00:00\",\"description\":\"Explore a rica hist\u00f3ria da moda com Catwalk Yourself. Mergulhe na evolu\u00e7\u00e3o do estilo e das tend\u00eancias que definiram cada per\u00edodo da moda.\",\"inLanguage\":\"pt-BR\",\"potentialAction\":[{\"@type\":\"ReadAction\",\"target\":[\"https:\/\/staging.catwalkyourself.com\/pt-br\/historia-da-moda\/\"]}]},{\"@type\":\"WebSite\",\"@id\":\"https:\/\/staging.catwalkyourself.com\/#website\",\"url\":\"https:\/\/staging.catwalkyourself.com\/\",\"name\":\"Catwalk Yourself\",\"description\":\"\",\"potentialAction\":[{\"@type\":\"SearchAction\",\"target\":{\"@type\":\"EntryPoint\",\"urlTemplate\":\"https:\/\/staging.catwalkyourself.com\/?s={search_term_string}\"},\"query-input\":\"required name=search_term_string\"}],\"inLanguage\":\"pt-BR\"}]}<\/script>\n<!-- \/ Yoast SEO plugin. -->","yoast_head_json":{"title":"Explorar a hist\u00f3ria da moda | Catwalk Yourself","description":"Explore a rica hist\u00f3ria da moda com Catwalk Yourself. Mergulhe na evolu\u00e7\u00e3o do estilo e das tend\u00eancias que definiram cada per\u00edodo da moda.","robots":{"index":"noindex","follow":"follow","max-snippet":"max-snippet:-1","max-image-preview":"max-image-preview:large","max-video-preview":"max-video-preview:-1"},"og_locale":"pt_BR","og_type":"article","og_title":"Explorar a hist\u00f3ria da moda | Catwalk Yourself","og_description":"Explore a rica hist\u00f3ria da moda com Catwalk Yourself. Mergulhe na evolu\u00e7\u00e3o do estilo e das tend\u00eancias que definiram cada per\u00edodo da moda.","og_url":"https:\/\/staging.catwalkyourself.com\/pt-br\/historia-da-moda\/","og_site_name":"Catwalk Yourself","article_modified_time":"2024-09-18T11:40:25+00:00","og_image":[{"width":"640","height":"433","url":"https:\/\/staging.catwalkyourself.com\/wp-content\/uploads\/2012\/09\/catwalk_yourself.history.jpg","type":"image\/jpeg"}],"twitter_card":"summary_large_image","twitter_misc":{"Est. reading time":"2 minutes"},"schema":{"@context":"https:\/\/schema.org","@graph":[{"@type":"WebPage","@id":"https:\/\/staging.catwalkyourself.com\/pt-br\/historia-da-moda\/","url":"https:\/\/staging.catwalkyourself.com\/pt-br\/historia-da-moda\/","name":"Explorar a hist\u00f3ria da moda | Catwalk Yourself","isPartOf":{"@id":"https:\/\/staging.catwalkyourself.com\/#website"},"datePublished":"2012-09-13T06:18:48+00:00","dateModified":"2024-09-18T11:40:25+00:00","description":"Explore a rica hist\u00f3ria da moda com Catwalk Yourself. Mergulhe na evolu\u00e7\u00e3o do estilo e das tend\u00eancias que definiram cada per\u00edodo da moda.","inLanguage":"pt-BR","potentialAction":[{"@type":"ReadAction","target":["https:\/\/staging.catwalkyourself.com\/pt-br\/historia-da-moda\/"]}]},{"@type":"WebSite","@id":"https:\/\/staging.catwalkyourself.com\/#website","url":"https:\/\/staging.catwalkyourself.com\/","name":"Catwalk Yourself","description":"","potentialAction":[{"@type":"SearchAction","target":{"@type":"EntryPoint","urlTemplate":"https:\/\/staging.catwalkyourself.com\/?s={search_term_string}"},"query-input":"required name=search_term_string"}],"inLanguage":"pt-BR"}]}},"_links":{"self":[{"href":"https:\/\/staging.catwalkyourself.com\/pt-br\/wp-json\/wp\/v2\/pages\/17429"}],"collection":[{"href":"https:\/\/staging.catwalkyourself.com\/pt-br\/wp-json\/wp\/v2\/pages"}],"about":[{"href":"https:\/\/staging.catwalkyourself.com\/pt-br\/wp-json\/wp\/v2\/types\/page"}],"author":[{"embeddable":true,"href":"https:\/\/staging.catwalkyourself.com\/pt-br\/wp-json\/wp\/v2\/users\/1"}],"replies":[{"embeddable":true,"href":"https:\/\/staging.catwalkyourself.com\/pt-br\/wp-json\/wp\/v2\/comments?post=17429"}],"version-history":[{"count":5,"href":"https:\/\/staging.catwalkyourself.com\/pt-br\/wp-json\/wp\/v2\/pages\/17429\/revisions"}],"predecessor-version":[{"id":708287,"href":"https:\/\/staging.catwalkyourself.com\/pt-br\/wp-json\/wp\/v2\/pages\/17429\/revisions\/708287"}],"wp:featuredmedia":[{"embeddable":true,"href":"https:\/\/staging.catwalkyourself.com\/pt-br\/wp-json\/wp\/v2\/media\/607841"}],"wp:attachment":[{"href":"https:\/\/staging.catwalkyourself.com\/pt-br\/wp-json\/wp\/v2\/media?parent=17429"}],"curies":[{"name":"wp","href":"https:\/\/api.w.org\/{rel}","templated":true}]}}