{"id":17427,"date":"2012-09-13T07:18:48","date_gmt":"2012-09-13T06:18:48","guid":{"rendered":"\/fashion-and-history-2\/"},"modified":"2024-07-25T11:08:18","modified_gmt":"2024-07-25T10:08:18","slug":"la-storia-della-moda","status":"publish","type":"page","link":"https:\/\/staging.catwalkyourself.com\/it\/la-storia-della-moda\/","title":{"rendered":"La storia della Moda"},"content":{"rendered":"<p><img decoding=\"async\" title=\"Femmes se remaquillant dans un jardin public. Paris, vers 1930. HRL-649275\" src=\"\/wp-content\/uploads\/2012\/09\/catwalk_yourself.history.jpg\" alt=\"Fashion and History\" \/><br \/>\n<em class=\"copyright\">Copyright \u00a9 AFP \/ Harlingue \/ Collection Roger-Viollet<\/em><\/p>\n<div class=\"clearfix\"><\/div>\n<p>Identit\u00e0, questo \u00e8 ci\u00f2 che intendo per moda. La moda mostra chi sei, la tua personalit\u00e0, la tua creativit\u00e0, te come individuo. Identifica lo status, la professione o il sesso e pu\u00f2 essere mixata, riutilizzata o ridisegnata. A non tutti pu\u00f2 piacere la moda e non tutti possono esserne interessati, ma tutti ne sono coinvolti.<\/p>\n<p>Gli stili cambiano costantemente e le ultime tendenze sono piccole rispetto a quella che \u00e8 stata la storia della moda. Quello che indossiamo oggi \u00e8 frutto di avvenimenti trascorsi. L\u2019ultimo decennio ha rivisitato le epoche passate della moda, ispirando e suscitando uno stile nostalgico che ha dato vita ad un vestirsi con il buonsenso.\u00a0 Senza la storia della moda gli stilisti non creerebbero gli abiti che abbiamo adesso. \u00c8 importante capire perch\u00e9 ci vestiamo cos\u00ec, a volte in maniera spiacevole altre volte con eleganza sartoriale, tutto si basa sulla storia della moda.<\/p>\n<p>La cultura, gli artisti, i musicisti e i politici hanno tutti ispirato il nostro modo di vestire. La storia della moda riguarda tutti gli avvenimenti, non solo gli abiti. Le persone e gli eventi che hanno influenzato la moda sono importanti tanto quanto lo sono gli abiti attuali.<\/p>\n<h2>Visita le decadi della storia della moda:<\/h2>\n<ul class=\"word-list stretch\">\n<li><a href=\"\/it\/fashion-history\/1920s-1930s\/\">1920&#8217;s<\/a><\/li>\n<li><a href=\"\/it\/fashion-history\/1930s-1940s\/\">1930&#8217;s<\/a><\/li>\n<li><a href=\"\/it\/fashion-history\/1940s-1950s\/\">1940&#8217;s <\/a><\/li>\n<li><a href=\"\/it\/fashion-history\/1950s-1960s\/\">1950&#8217;s <\/a><\/li>\n<li><a href=\"\/fashion-history\/1960s-1970s\/\">1960&#8217;s <\/a><\/li>\n<li><a href=\"\/fashion-history\/1970s-1980s\/\">1970&#8217;s <\/a><\/li>\n<li><a href=\"\/fashion-history\/1980s-1990s\/\">1980&#8217;s <\/a><\/li>\n<li><a href=\"\/fashion-history\/1990s-2000s\/\">1990&#8217;s <\/a><\/li>\n<li><a href=\"\/fashion-history\/2000s-2010s\/\">2000&#8217;s<\/a><\/li>\n<\/ul>\n","protected":false},"excerpt":{"rendered":"<p>Copyright \u00a9 AFP \/ Harlingue \/ Collection Roger-Viollet Identit\u00e0, questo \u00e8 ci\u00f2 che intendo per moda. La moda mostra chi sei, la tua personalit\u00e0, la tua creativit\u00e0, te come individuo.<br \/>&nbsp; &nbsp;<a href=\"https:\/\/staging.catwalkyourself.com\/it\/la-storia-della-moda\/\" class=\"more\">&#8230; read more<\/a><\/p>\n","protected":false},"author":1,"featured_media":607840,"parent":0,"menu_order":0,"comment_status":"open","ping_status":"open","template":"page-fashion-biographies.php","meta":{"footnotes":""},"acf":[],"yoast_head":"<!-- This site is optimized with the Yoast SEO plugin v22.1 - https:\/\/yoast.com\/wordpress\/plugins\/seo\/ -->\n<title>Scopri l&#039;affascinante storia della moda | Catwalk Yourself<\/title>\n<meta name=\"description\" content=\"Esplora la ricca evoluzione della storia della moda dalle antiche civilt\u00e0 alle tendenze moderne su Catwalk Yourself, svelando stili che hanno plasmato culture ed epoche\" \/>\n<meta name=\"robots\" content=\"noindex, follow, max-snippet:-1, max-image-preview:large, max-video-preview:-1\" \/>\n<meta property=\"og:locale\" content=\"it_IT\" \/>\n<meta property=\"og:type\" content=\"article\" \/>\n<meta property=\"og:title\" content=\"Scopri l&#039;affascinante storia della moda | Catwalk Yourself\" \/>\n<meta property=\"og:description\" content=\"Esplora la ricca evoluzione della storia della moda dalle antiche civilt\u00e0 alle tendenze moderne su Catwalk Yourself, svelando stili che hanno plasmato culture ed epoche\" \/>\n<meta property=\"og:url\" content=\"https:\/\/staging.catwalkyourself.com\/it\/la-storia-della-moda\/\" \/>\n<meta property=\"og:site_name\" content=\"Catwalk Yourself\" \/>\n<meta property=\"article:modified_time\" content=\"2024-07-25T10:08:18+00:00\" \/>\n<meta property=\"og:image\" content=\"https:\/\/staging.catwalkyourself.com\/wp-content\/uploads\/2012\/09\/catwalk_yourself.history.jpg\" \/>\n\t<meta property=\"og:image:width\" content=\"640\" \/>\n\t<meta property=\"og:image:height\" content=\"433\" \/>\n\t<meta property=\"og:image:type\" content=\"image\/jpeg\" \/>\n<meta name=\"twitter:card\" content=\"summary_large_image\" \/>\n<meta name=\"twitter:label1\" content=\"Est. reading time\" \/>\n\t<meta name=\"twitter:data1\" content=\"2 minutes\" \/>\n<script type=\"application\/ld+json\" class=\"yoast-schema-graph\">{\"@context\":\"https:\/\/schema.org\",\"@graph\":[{\"@type\":\"WebPage\",\"@id\":\"https:\/\/staging.catwalkyourself.com\/it\/la-storia-della-moda\/\",\"url\":\"https:\/\/staging.catwalkyourself.com\/it\/la-storia-della-moda\/\",\"name\":\"Scopri l'affascinante storia della moda | Catwalk Yourself\",\"isPartOf\":{\"@id\":\"https:\/\/staging.catwalkyourself.com\/#website\"},\"datePublished\":\"2012-09-13T06:18:48+00:00\",\"dateModified\":\"2024-07-25T10:08:18+00:00\",\"description\":\"Esplora la ricca evoluzione della storia della moda dalle antiche civilt\u00e0 alle tendenze moderne su Catwalk Yourself, svelando stili che hanno plasmato culture ed epoche\",\"inLanguage\":\"it-IT\",\"potentialAction\":[{\"@type\":\"ReadAction\",\"target\":[\"https:\/\/staging.catwalkyourself.com\/it\/la-storia-della-moda\/\"]}]},{\"@type\":\"WebSite\",\"@id\":\"https:\/\/staging.catwalkyourself.com\/#website\",\"url\":\"https:\/\/staging.catwalkyourself.com\/\",\"name\":\"Catwalk Yourself\",\"description\":\"\",\"potentialAction\":[{\"@type\":\"SearchAction\",\"target\":{\"@type\":\"EntryPoint\",\"urlTemplate\":\"https:\/\/staging.catwalkyourself.com\/?s={search_term_string}\"},\"query-input\":\"required name=search_term_string\"}],\"inLanguage\":\"it-IT\"}]}<\/script>\n<!-- \/ Yoast SEO plugin. -->","yoast_head_json":{"title":"Scopri l'affascinante storia della moda | Catwalk Yourself","description":"Esplora la ricca evoluzione della storia della moda dalle antiche civilt\u00e0 alle tendenze moderne su Catwalk Yourself, svelando stili che hanno plasmato culture ed epoche","robots":{"index":"noindex","follow":"follow","max-snippet":"max-snippet:-1","max-image-preview":"max-image-preview:large","max-video-preview":"max-video-preview:-1"},"og_locale":"it_IT","og_type":"article","og_title":"Scopri l'affascinante storia della moda | Catwalk Yourself","og_description":"Esplora la ricca evoluzione della storia della moda dalle antiche civilt\u00e0 alle tendenze moderne su Catwalk Yourself, svelando stili che hanno plasmato culture ed epoche","og_url":"https:\/\/staging.catwalkyourself.com\/it\/la-storia-della-moda\/","og_site_name":"Catwalk Yourself","article_modified_time":"2024-07-25T10:08:18+00:00","og_image":[{"width":"640","height":"433","url":"https:\/\/staging.catwalkyourself.com\/wp-content\/uploads\/2012\/09\/catwalk_yourself.history.jpg","type":"image\/jpeg"}],"twitter_card":"summary_large_image","twitter_misc":{"Est. reading time":"2 minutes"},"schema":{"@context":"https:\/\/schema.org","@graph":[{"@type":"WebPage","@id":"https:\/\/staging.catwalkyourself.com\/it\/la-storia-della-moda\/","url":"https:\/\/staging.catwalkyourself.com\/it\/la-storia-della-moda\/","name":"Scopri l'affascinante storia della moda | Catwalk Yourself","isPartOf":{"@id":"https:\/\/staging.catwalkyourself.com\/#website"},"datePublished":"2012-09-13T06:18:48+00:00","dateModified":"2024-07-25T10:08:18+00:00","description":"Esplora la ricca evoluzione della storia della moda dalle antiche civilt\u00e0 alle tendenze moderne su Catwalk Yourself, svelando stili che hanno plasmato culture ed epoche","inLanguage":"it-IT","potentialAction":[{"@type":"ReadAction","target":["https:\/\/staging.catwalkyourself.com\/it\/la-storia-della-moda\/"]}]},{"@type":"WebSite","@id":"https:\/\/staging.catwalkyourself.com\/#website","url":"https:\/\/staging.catwalkyourself.com\/","name":"Catwalk Yourself","description":"","potentialAction":[{"@type":"SearchAction","target":{"@type":"EntryPoint","urlTemplate":"https:\/\/staging.catwalkyourself.com\/?s={search_term_string}"},"query-input":"required name=search_term_string"}],"inLanguage":"it-IT"}]}},"_links":{"self":[{"href":"https:\/\/staging.catwalkyourself.com\/it\/wp-json\/wp\/v2\/pages\/17427"}],"collection":[{"href":"https:\/\/staging.catwalkyourself.com\/it\/wp-json\/wp\/v2\/pages"}],"about":[{"href":"https:\/\/staging.catwalkyourself.com\/it\/wp-json\/wp\/v2\/types\/page"}],"author":[{"embeddable":true,"href":"https:\/\/staging.catwalkyourself.com\/it\/wp-json\/wp\/v2\/users\/1"}],"replies":[{"embeddable":true,"href":"https:\/\/staging.catwalkyourself.com\/it\/wp-json\/wp\/v2\/comments?post=17427"}],"version-history":[{"count":7,"href":"https:\/\/staging.catwalkyourself.com\/it\/wp-json\/wp\/v2\/pages\/17427\/revisions"}],"predecessor-version":[{"id":708104,"href":"https:\/\/staging.catwalkyourself.com\/it\/wp-json\/wp\/v2\/pages\/17427\/revisions\/708104"}],"wp:featuredmedia":[{"embeddable":true,"href":"https:\/\/staging.catwalkyourself.com\/it\/wp-json\/wp\/v2\/media\/607840"}],"wp:attachment":[{"href":"https:\/\/staging.catwalkyourself.com\/it\/wp-json\/wp\/v2\/media?parent=17427"}],"curies":[{"name":"wp","href":"https:\/\/api.w.org\/{rel}","templated":true}]}}