{"id":15654,"date":"2012-11-01T13:39:17","date_gmt":"2012-11-01T13:39:17","guid":{"rendered":"\/new-fashion-photography-2\/"},"modified":"2012-11-17T06:36:18","modified_gmt":"2012-11-17T06:36:18","slug":"new-fashion-photography","status":"publish","type":"page","link":"https:\/\/staging.catwalkyourself.com\/it\/new-fashion-photography\/","title":{"rendered":"Fotografia"},"content":{"rendered":"<p>Una foto pu\u00f2 esprimere pi\u00f9 di mille parole, ma la fotografia di moda ne esprime pi\u00f9 di un milione. Dai fotografi di moda pi\u00f9 celebri in tutto il mondo ecco l&#8217;arte che contribuisce a definire l\u2019universo della moda<\/p>\n<ul class=\"image-gallery-2\">\n<li><a href=\"\/it\/fashion-editoriale\/\"><img decoding=\"async\" class=\"alignnone size-full wp-image-7002\" title=\"catwalk_yourself_rtw_main\" src=\"\/wp-content\/uploads\/2012\/11\/catwalk_yourself_photography_editorial.jpg\" alt=\"\" \/><\/a><br \/>\n<h3>Editoriale<\/h3>\n<p>Dai servizi di moda ai video artigianali, esploriamo la nostra creativit\u00e0 e quella dei nostri soggetti. Clicca qui<\/p>\n<p><a href=\"\/it\/fashion-editoriale\/\">Continua a leggere&#8230;<\/a><\/li>\n<li><a href=\"\/fashion-weeks\/menswear-fashion-season\/\"><img decoding=\"async\" class=\"alignnone size-full wp-image-7004\" title=\"catwalk_yourself_man_main\" src=\"\/wp-content\/uploads\/2012\/11\/catwalk_yourself_photography_street.jpg\" alt=\"\" \/><\/a><br \/>\n<h3>Street Fashion<\/h3>\n<p>Sentiti ispirato dalla celebrazione del lo stile individuale, \u00a0dipingendo una tela di unicit\u00e0 e di auto-espressione. In altre parole, qui noi celebriamo te<\/p>\n<p><a href=\"\/street-fashion\/\">Continua a leggere&#8230;<\/a><\/li>\n<\/ul>\n<div class=\"clearfix\"><\/div>\n","protected":false},"excerpt":{"rendered":"<p>Una foto pu\u00f2 esprimere pi\u00f9 di mille parole, ma la fotografia di moda ne esprime pi\u00f9 di un milione. Dai fotografi di moda pi\u00f9 celebri in tutto il mondo ecco<br \/>&nbsp; &nbsp;<a href=\"https:\/\/staging.catwalkyourself.com\/it\/new-fashion-photography\/\" class=\"more\">&#8230; read more<\/a><\/p>\n","protected":false},"author":11,"featured_media":0,"parent":0,"menu_order":0,"comment_status":"open","ping_status":"open","template":"page-photography.php","meta":{"footnotes":""},"acf":[],"yoast_head":"<!-- This site is optimized with the Yoast SEO plugin v22.1 - https:\/\/yoast.com\/wordpress\/plugins\/seo\/ -->\n<title>Fotografia - Catwalk Yourself<\/title>\n<meta name=\"robots\" content=\"noindex, nofollow, max-snippet:-1, max-image-preview:large, max-video-preview:-1\" \/>\n<meta property=\"og:locale\" content=\"it_IT\" \/>\n<meta property=\"og:type\" content=\"article\" \/>\n<meta property=\"og:title\" content=\"Fotografia - Catwalk Yourself\" \/>\n<meta property=\"og:description\" content=\"Una foto pu\u00f2 esprimere pi\u00f9 di mille parole, ma la fotografia di moda ne esprime pi\u00f9 di un milione. Dai fotografi di moda pi\u00f9 celebri in tutto il mondo ecco&nbsp; &nbsp;... read more\" \/>\n<meta property=\"og:url\" content=\"https:\/\/staging.catwalkyourself.com\/it\/new-fashion-photography\/\" \/>\n<meta property=\"og:site_name\" content=\"Catwalk Yourself\" \/>\n<meta property=\"article:modified_time\" content=\"2012-11-17T06:36:18+00:00\" \/>\n<meta name=\"twitter:card\" content=\"summary_large_image\" \/>\n<script type=\"application\/ld+json\" class=\"yoast-schema-graph\">{\"@context\":\"https:\/\/schema.org\",\"@graph\":[{\"@type\":\"WebPage\",\"@id\":\"https:\/\/staging.catwalkyourself.com\/it\/new-fashion-photography\/\",\"url\":\"https:\/\/staging.catwalkyourself.com\/it\/new-fashion-photography\/\",\"name\":\"Fotografia - Catwalk Yourself\",\"isPartOf\":{\"@id\":\"https:\/\/staging.catwalkyourself.com\/#website\"},\"datePublished\":\"2012-11-01T13:39:17+00:00\",\"dateModified\":\"2012-11-17T06:36:18+00:00\",\"inLanguage\":\"it-IT\",\"potentialAction\":[{\"@type\":\"ReadAction\",\"target\":[\"https:\/\/staging.catwalkyourself.com\/it\/new-fashion-photography\/\"]}]},{\"@type\":\"WebSite\",\"@id\":\"https:\/\/staging.catwalkyourself.com\/#website\",\"url\":\"https:\/\/staging.catwalkyourself.com\/\",\"name\":\"Catwalk Yourself\",\"description\":\"\",\"potentialAction\":[{\"@type\":\"SearchAction\",\"target\":{\"@type\":\"EntryPoint\",\"urlTemplate\":\"https:\/\/staging.catwalkyourself.com\/?s={search_term_string}\"},\"query-input\":\"required name=search_term_string\"}],\"inLanguage\":\"it-IT\"}]}<\/script>\n<!-- \/ Yoast SEO plugin. -->","yoast_head_json":{"title":"Fotografia - Catwalk Yourself","robots":{"index":"noindex","follow":"nofollow","max-snippet":"max-snippet:-1","max-image-preview":"max-image-preview:large","max-video-preview":"max-video-preview:-1"},"og_locale":"it_IT","og_type":"article","og_title":"Fotografia - Catwalk Yourself","og_description":"Una foto pu\u00f2 esprimere pi\u00f9 di mille parole, ma la fotografia di moda ne esprime pi\u00f9 di un milione. Dai fotografi di moda pi\u00f9 celebri in tutto il mondo ecco&nbsp; &nbsp;... read more","og_url":"https:\/\/staging.catwalkyourself.com\/it\/new-fashion-photography\/","og_site_name":"Catwalk Yourself","article_modified_time":"2012-11-17T06:36:18+00:00","twitter_card":"summary_large_image","schema":{"@context":"https:\/\/schema.org","@graph":[{"@type":"WebPage","@id":"https:\/\/staging.catwalkyourself.com\/it\/new-fashion-photography\/","url":"https:\/\/staging.catwalkyourself.com\/it\/new-fashion-photography\/","name":"Fotografia - Catwalk Yourself","isPartOf":{"@id":"https:\/\/staging.catwalkyourself.com\/#website"},"datePublished":"2012-11-01T13:39:17+00:00","dateModified":"2012-11-17T06:36:18+00:00","inLanguage":"it-IT","potentialAction":[{"@type":"ReadAction","target":["https:\/\/staging.catwalkyourself.com\/it\/new-fashion-photography\/"]}]},{"@type":"WebSite","@id":"https:\/\/staging.catwalkyourself.com\/#website","url":"https:\/\/staging.catwalkyourself.com\/","name":"Catwalk Yourself","description":"","potentialAction":[{"@type":"SearchAction","target":{"@type":"EntryPoint","urlTemplate":"https:\/\/staging.catwalkyourself.com\/?s={search_term_string}"},"query-input":"required name=search_term_string"}],"inLanguage":"it-IT"}]}},"_links":{"self":[{"href":"https:\/\/staging.catwalkyourself.com\/it\/wp-json\/wp\/v2\/pages\/15654"}],"collection":[{"href":"https:\/\/staging.catwalkyourself.com\/it\/wp-json\/wp\/v2\/pages"}],"about":[{"href":"https:\/\/staging.catwalkyourself.com\/it\/wp-json\/wp\/v2\/types\/page"}],"author":[{"embeddable":true,"href":"https:\/\/staging.catwalkyourself.com\/it\/wp-json\/wp\/v2\/users\/11"}],"replies":[{"embeddable":true,"href":"https:\/\/staging.catwalkyourself.com\/it\/wp-json\/wp\/v2\/comments?post=15654"}],"version-history":[{"count":5,"href":"https:\/\/staging.catwalkyourself.com\/it\/wp-json\/wp\/v2\/pages\/15654\/revisions"}],"predecessor-version":[{"id":15661,"href":"https:\/\/staging.catwalkyourself.com\/it\/wp-json\/wp\/v2\/pages\/15654\/revisions\/15661"}],"wp:attachment":[{"href":"https:\/\/staging.catwalkyourself.com\/it\/wp-json\/wp\/v2\/media?parent=15654"}],"curies":[{"name":"wp","href":"https:\/\/api.w.org\/{rel}","templated":true}]}}