{"id":19073,"date":"2012-09-13T07:18:48","date_gmt":"2012-09-13T06:18:48","guid":{"rendered":"\/fashion-and-history-2\/"},"modified":"2024-08-21T09:39:23","modified_gmt":"2024-08-21T08:39:23","slug":"fashion-and-history","status":"publish","type":"page","link":"https:\/\/staging.catwalkyourself.com\/fr\/fashion-and-history\/","title":{"rendered":"History of Fashion"},"content":{"rendered":"<p><img decoding=\"async\" title=\"Femmes se remaquillant dans un jardin public. Paris, vers 1930. HRL-649275\" src=\"\/wp-content\/uploads\/2012\/09\/catwalk_yourself.history.jpg\" alt=\"Fashion and History\" \/><br \/>\n<em class=\"copyright\">Copyright \u00a9 AFP \/ Harlingue \/ Collection Roger-Viollet<\/em><\/p>\n<div class=\"clearfix\"><\/div>\n<p>Fashion to me is identity. It\u2019s who you are, your personality, your creativity &#8211; you as an individual. It can show status, occupation or gender and can be mixed, reused or restyled. Not everybody may like fashion, or be interested in it, but awkward for some, everyone is involved.<\/p>\n<p>With styles changing constantly, the latest trends are small compared to the history of fashion. We wear what we wear today because of what happened before. The last decade has revisited the past eras to inspire and arouse a nostalgic style that\u2019s enabled a savvy dressed world. Without fashions history designers wouldn\u2019t be creating the clothes we have now. It\u2019s important to understand why we dress how we do, sometimes regrettable or with a sartorial elegance, because it all bases back down to our fashion history.<\/p>\n<p>Culture, artists, musicians and politics have all inspired the way we dress. Fashion history is about all of it, not just the clothes. The people and events that influenced fashion are just as important as the actual clothes.<\/p>\n<h2>Visit our History of Fashion Decades:<\/h2>\n<ul class=\"word-list stretch\">\n<li><a href=\"\/fr\/fashion-history\/annees-1920-1930\/\">1920&#8217;s<\/a><\/li>\n<li><a href=\"\/fr\/fashion-history\/annees-1930-1940\/\">1930&#8217;s<\/a><\/li>\n<li><a href=\"\/fr\/fashion-history\/annees-1940-1950\/\">1940&#8217;s <\/a><\/li>\n<li><a href=\"\/fr\/fashion-history\/annees-1950-1960\/\">1950&#8217;s <\/a><\/li>\n<li><a href=\"\/fr\/fashion-history\/annees-1960-1970\/\">1960&#8217;s <\/a><\/li>\n<li><a href=\"\/fr\/fashion-history\/annees-1970-1980\/\">1970&#8217;s <\/a><\/li>\n<li><a href=\"\/fr\/fashion-history\/les-annees-1980-1990\/\">1980&#8217;s <\/a><\/li>\n<li><a href=\"\/fr\/fashion-history\/annees-1990-2000\/\">1990&#8217;s <\/a><\/li>\n<li><a href=\"\/fr\/fashion-history\/annees-2000-2010\/\">2000&#8217;s<\/a><\/li>\n<\/ul>\n","protected":false},"excerpt":{"rendered":"<p>Copyright \u00a9 AFP \/ Harlingue \/ Collection Roger-Viollet Fashion to me is identity. It\u2019s who you are, your personality, your creativity &#8211; you as an individual. It can show status,<br \/>&nbsp; &nbsp;<a href=\"https:\/\/staging.catwalkyourself.com\/fr\/fashion-and-history\/\" class=\"more\">&#8230; read more<\/a><\/p>\n","protected":false},"author":1,"featured_media":607838,"parent":0,"menu_order":0,"comment_status":"open","ping_status":"open","template":"page-fashion-biographies.php","meta":{"footnotes":""},"acf":[],"yoast_head":"<!-- This site is optimized with the Yoast SEO plugin v22.1 - https:\/\/yoast.com\/wordpress\/plugins\/seo\/ -->\n<title>Histoire de la mode : Explorez l&#039;\u00e9volution du style avec Catwalk Yourself<\/title>\n<meta name=\"description\" content=\"D\u00e9couvrez l&#039;histoire du pass\u00e9 de la mode avec Catwalk Yourself. Explorez l&#039;\u00e9volution des styles et la fa\u00e7on dont les \u00e9v\u00e9nements historiques ont influenc\u00e9 l&#039;histoire de la mode.\" \/>\n<meta name=\"robots\" content=\"noindex, follow, max-snippet:-1, max-image-preview:large, max-video-preview:-1\" \/>\n<meta property=\"og:locale\" content=\"fr_FR\" \/>\n<meta property=\"og:type\" content=\"article\" \/>\n<meta property=\"og:title\" content=\"Histoire de la mode : Explorez l&#039;\u00e9volution du style avec Catwalk Yourself\" \/>\n<meta property=\"og:description\" content=\"D\u00e9couvrez l&#039;histoire du pass\u00e9 de la mode avec Catwalk Yourself. Explorez l&#039;\u00e9volution des styles et la fa\u00e7on dont les \u00e9v\u00e9nements historiques ont influenc\u00e9 l&#039;histoire de la mode.\" \/>\n<meta property=\"og:url\" content=\"https:\/\/staging.catwalkyourself.com\/fr\/fashion-and-history\/\" \/>\n<meta property=\"og:site_name\" content=\"Catwalk Yourself\" \/>\n<meta property=\"article:modified_time\" content=\"2024-08-21T08:39:23+00:00\" \/>\n<meta property=\"og:image\" content=\"https:\/\/staging.catwalkyourself.com\/wp-content\/uploads\/2012\/09\/catwalk_yourself.history.jpg\" \/>\n\t<meta property=\"og:image:width\" content=\"640\" \/>\n\t<meta property=\"og:image:height\" content=\"433\" \/>\n\t<meta property=\"og:image:type\" content=\"image\/jpeg\" \/>\n<meta name=\"twitter:card\" content=\"summary_large_image\" \/>\n<meta name=\"twitter:label1\" content=\"Est. reading time\" \/>\n\t<meta name=\"twitter:data1\" content=\"2 minutes\" \/>\n<script type=\"application\/ld+json\" class=\"yoast-schema-graph\">{\"@context\":\"https:\/\/schema.org\",\"@graph\":[{\"@type\":\"WebPage\",\"@id\":\"https:\/\/staging.catwalkyourself.com\/fr\/fashion-and-history\/\",\"url\":\"https:\/\/staging.catwalkyourself.com\/fr\/fashion-and-history\/\",\"name\":\"Histoire de la mode : Explorez l'\u00e9volution du style avec Catwalk Yourself\",\"isPartOf\":{\"@id\":\"https:\/\/staging.catwalkyourself.com\/#website\"},\"datePublished\":\"2012-09-13T06:18:48+00:00\",\"dateModified\":\"2024-08-21T08:39:23+00:00\",\"description\":\"D\u00e9couvrez l'histoire du pass\u00e9 de la mode avec Catwalk Yourself. Explorez l'\u00e9volution des styles et la fa\u00e7on dont les \u00e9v\u00e9nements historiques ont influenc\u00e9 l'histoire de la mode.\",\"inLanguage\":\"fr-FR\",\"potentialAction\":[{\"@type\":\"ReadAction\",\"target\":[\"https:\/\/staging.catwalkyourself.com\/fr\/fashion-and-history\/\"]}]},{\"@type\":\"WebSite\",\"@id\":\"https:\/\/staging.catwalkyourself.com\/#website\",\"url\":\"https:\/\/staging.catwalkyourself.com\/\",\"name\":\"Catwalk Yourself\",\"description\":\"\",\"potentialAction\":[{\"@type\":\"SearchAction\",\"target\":{\"@type\":\"EntryPoint\",\"urlTemplate\":\"https:\/\/staging.catwalkyourself.com\/?s={search_term_string}\"},\"query-input\":\"required name=search_term_string\"}],\"inLanguage\":\"fr-FR\"}]}<\/script>\n<!-- \/ Yoast SEO plugin. -->","yoast_head_json":{"title":"Histoire de la mode : Explorez l'\u00e9volution du style avec Catwalk Yourself","description":"D\u00e9couvrez l'histoire du pass\u00e9 de la mode avec Catwalk Yourself. Explorez l'\u00e9volution des styles et la fa\u00e7on dont les \u00e9v\u00e9nements historiques ont influenc\u00e9 l'histoire de la mode.","robots":{"index":"noindex","follow":"follow","max-snippet":"max-snippet:-1","max-image-preview":"max-image-preview:large","max-video-preview":"max-video-preview:-1"},"og_locale":"fr_FR","og_type":"article","og_title":"Histoire de la mode : Explorez l'\u00e9volution du style avec Catwalk Yourself","og_description":"D\u00e9couvrez l'histoire du pass\u00e9 de la mode avec Catwalk Yourself. Explorez l'\u00e9volution des styles et la fa\u00e7on dont les \u00e9v\u00e9nements historiques ont influenc\u00e9 l'histoire de la mode.","og_url":"https:\/\/staging.catwalkyourself.com\/fr\/fashion-and-history\/","og_site_name":"Catwalk Yourself","article_modified_time":"2024-08-21T08:39:23+00:00","og_image":[{"width":"640","height":"433","url":"https:\/\/staging.catwalkyourself.com\/wp-content\/uploads\/2012\/09\/catwalk_yourself.history.jpg","type":"image\/jpeg"}],"twitter_card":"summary_large_image","twitter_misc":{"Est. reading time":"2 minutes"},"schema":{"@context":"https:\/\/schema.org","@graph":[{"@type":"WebPage","@id":"https:\/\/staging.catwalkyourself.com\/fr\/fashion-and-history\/","url":"https:\/\/staging.catwalkyourself.com\/fr\/fashion-and-history\/","name":"Histoire de la mode : Explorez l'\u00e9volution du style avec Catwalk Yourself","isPartOf":{"@id":"https:\/\/staging.catwalkyourself.com\/#website"},"datePublished":"2012-09-13T06:18:48+00:00","dateModified":"2024-08-21T08:39:23+00:00","description":"D\u00e9couvrez l'histoire du pass\u00e9 de la mode avec Catwalk Yourself. Explorez l'\u00e9volution des styles et la fa\u00e7on dont les \u00e9v\u00e9nements historiques ont influenc\u00e9 l'histoire de la mode.","inLanguage":"fr-FR","potentialAction":[{"@type":"ReadAction","target":["https:\/\/staging.catwalkyourself.com\/fr\/fashion-and-history\/"]}]},{"@type":"WebSite","@id":"https:\/\/staging.catwalkyourself.com\/#website","url":"https:\/\/staging.catwalkyourself.com\/","name":"Catwalk Yourself","description":"","potentialAction":[{"@type":"SearchAction","target":{"@type":"EntryPoint","urlTemplate":"https:\/\/staging.catwalkyourself.com\/?s={search_term_string}"},"query-input":"required name=search_term_string"}],"inLanguage":"fr-FR"}]}},"_links":{"self":[{"href":"https:\/\/staging.catwalkyourself.com\/fr\/wp-json\/wp\/v2\/pages\/19073"}],"collection":[{"href":"https:\/\/staging.catwalkyourself.com\/fr\/wp-json\/wp\/v2\/pages"}],"about":[{"href":"https:\/\/staging.catwalkyourself.com\/fr\/wp-json\/wp\/v2\/types\/page"}],"author":[{"embeddable":true,"href":"https:\/\/staging.catwalkyourself.com\/fr\/wp-json\/wp\/v2\/users\/1"}],"replies":[{"embeddable":true,"href":"https:\/\/staging.catwalkyourself.com\/fr\/wp-json\/wp\/v2\/comments?post=19073"}],"version-history":[{"count":7,"href":"https:\/\/staging.catwalkyourself.com\/fr\/wp-json\/wp\/v2\/pages\/19073\/revisions"}],"predecessor-version":[{"id":708214,"href":"https:\/\/staging.catwalkyourself.com\/fr\/wp-json\/wp\/v2\/pages\/19073\/revisions\/708214"}],"wp:featuredmedia":[{"embeddable":true,"href":"https:\/\/staging.catwalkyourself.com\/fr\/wp-json\/wp\/v2\/media\/607838"}],"wp:attachment":[{"href":"https:\/\/staging.catwalkyourself.com\/fr\/wp-json\/wp\/v2\/media?parent=19073"}],"curies":[{"name":"wp","href":"https:\/\/api.w.org\/{rel}","templated":true}]}}