{"id":15737,"date":"2012-10-13T00:55:47","date_gmt":"2012-10-12T23:55:47","guid":{"rendered":"\/trends-2\/"},"modified":"2012-11-19T11:28:50","modified_gmt":"2012-11-19T11:28:50","slug":"tendances","status":"publish","type":"page","link":"https:\/\/staging.catwalkyourself.com\/fr\/tendances\/","title":{"rendered":"Automne-Hiver 2012\/2013 &#8211; Tendances"},"content":{"rendered":"<p>La Fashion Week provoque un raz de mar\u00e9e dans l&#8217;innovation et\u00a0le regard qui met en \u00e9moi le coeur de beaucoup d&#8217;entre nous ici et ailleurs, vous pouvez contempler les derni\u00e8res tendances analys\u00e9es par nos soins afin que vous n\u2019ayez \u00e0 le faire.<\/p>\n<ul class=\"image-content-gallery\">\n<li><a href=\"\/fashion-trends\/women-autumn-winter-2012-13-trends\/\"><img decoding=\"async\" class=\"alignnone size-full wp-image-7002\" title=\"Woman\" src=\"\/wp-content\/uploads\/2012\/10\/catwalk_yourself_woman_trends.jpg\" alt=\"Woman\" \/><\/a><br \/>\n<h3>Femmes<\/h3>\n<p>De silhouettes minces a la renaissance du gothique, nous pr\u00e9parons pour vous les pr\u00e9visions des tendance sortient tout droit des podiums<\/li>\n<li><a href=\"\/fashion-trends\/man-autumn-winter-201213-trends\/\"><img decoding=\"async\" class=\"alignnone size-full wp-image-7004\" title=\"Menswear\" src=\"\/wp-content\/uploads\/2012\/10\/catwalk_yourself_man_trends.jpg\" alt=\"Menswear\" \/><\/a><br \/>\n<h3>Homme<\/h3>\n<p>Du Male \u00e0 l&#8217;androgynie, suivez-nous comme nous le signaler sur les derni\u00e8res tendances de rev\u00eatir l&#8217;homme d\u00e8s le d\u00e9but, au rythme d&#8217;ouverture d&#8217;un spectacle.<\/li>\n<li><a href=\"\/fashion-trends\/make-up-hair-autumn-winter-2012-2013\/\"><img decoding=\"async\" class=\"alignnone size-full wp-image-7003\" title=\"Make Up &amp; Hair\" src=\"\/wp-content\/uploads\/2012\/10\/catwalk_yourself_makeup_trends.jpg\" alt=\"Make Up &amp; Hair\" \/><\/a><br \/>\n<h3>Coiffure et maquillage<\/h3>\n<p>Une partie essentielle de tout d\u00e9fil\u00e9 de mode, les coiffure et le maquillage tendances qui sont cr\u00e9\u00e9s sur la piste, puis pour vous. Du look Sci-Fi a demoiselle en d\u00e9tresse, vous trouvez ici toute les tendances pour vous d\u00e9marquer de la masse.<\/li>\n<\/ul>\n<div class=\"clearfix\"><\/div>\n<ul class=\"image-content-gallery\">\n<li>En lire plus<\/li>\n<li>En lire plus<\/li>\n<li>En lire plus<\/li>\n<\/ul>\n","protected":false},"excerpt":{"rendered":"<p>La Fashion Week provoque un raz de mar\u00e9e dans l&#8217;innovation et\u00a0le regard qui met en \u00e9moi le coeur de beaucoup d&#8217;entre nous ici et ailleurs, vous pouvez contempler les derni\u00e8res<br \/>&nbsp; &nbsp;<a href=\"https:\/\/staging.catwalkyourself.com\/fr\/tendances\/\" class=\"more\">&#8230; read more<\/a><\/p>\n","protected":false},"author":1,"featured_media":167268,"parent":0,"menu_order":0,"comment_status":"open","ping_status":"open","template":"page-trends.php","meta":{"footnotes":""},"acf":[],"yoast_head":"<!-- This site is optimized with the Yoast SEO plugin v22.1 - https:\/\/yoast.com\/wordpress\/plugins\/seo\/ -->\n<title>Automne-Hiver 2012\/2013 - Tendances - Catwalk Yourself<\/title>\n<meta name=\"robots\" content=\"noindex, follow, max-snippet:-1, max-image-preview:large, max-video-preview:-1\" \/>\n<meta property=\"og:locale\" content=\"fr_FR\" \/>\n<meta property=\"og:type\" content=\"article\" \/>\n<meta property=\"og:title\" content=\"Automne-Hiver 2012\/2013 - Tendances - Catwalk Yourself\" \/>\n<meta property=\"og:description\" content=\"La Fashion Week provoque un raz de mar\u00e9e dans l&#8217;innovation et\u00a0le regard qui met en \u00e9moi le coeur de beaucoup d&#8217;entre nous ici et ailleurs, vous pouvez contempler les derni\u00e8res&nbsp; &nbsp;... read more\" \/>\n<meta property=\"og:url\" content=\"https:\/\/staging.catwalkyourself.com\/fr\/tendances\/\" \/>\n<meta property=\"og:site_name\" content=\"Catwalk Yourself\" \/>\n<meta property=\"article:modified_time\" content=\"2012-11-19T11:28:50+00:00\" \/>\n<meta property=\"og:image\" content=\"https:\/\/staging.catwalkyourself.com\/wp-content\/uploads\/2012\/10\/trends_catwalk_yourself_AW14_mke-up.jpg\" \/>\n\t<meta property=\"og:image:width\" content=\"240\" \/>\n\t<meta property=\"og:image:height\" content=\"160\" \/>\n\t<meta property=\"og:image:type\" content=\"image\/jpeg\" \/>\n<meta name=\"twitter:card\" content=\"summary_large_image\" \/>\n<meta name=\"twitter:label1\" content=\"Est. reading time\" \/>\n\t<meta name=\"twitter:data1\" content=\"1 minute\" \/>\n<script type=\"application\/ld+json\" class=\"yoast-schema-graph\">{\"@context\":\"https:\/\/schema.org\",\"@graph\":[{\"@type\":\"WebPage\",\"@id\":\"https:\/\/staging.catwalkyourself.com\/fr\/tendances\/\",\"url\":\"https:\/\/staging.catwalkyourself.com\/fr\/tendances\/\",\"name\":\"Automne-Hiver 2012\/2013 - Tendances - Catwalk Yourself\",\"isPartOf\":{\"@id\":\"https:\/\/staging.catwalkyourself.com\/#website\"},\"datePublished\":\"2012-10-12T23:55:47+00:00\",\"dateModified\":\"2012-11-19T11:28:50+00:00\",\"inLanguage\":\"fr-FR\",\"potentialAction\":[{\"@type\":\"ReadAction\",\"target\":[\"https:\/\/staging.catwalkyourself.com\/fr\/tendances\/\"]}]},{\"@type\":\"WebSite\",\"@id\":\"https:\/\/staging.catwalkyourself.com\/#website\",\"url\":\"https:\/\/staging.catwalkyourself.com\/\",\"name\":\"Catwalk Yourself\",\"description\":\"\",\"potentialAction\":[{\"@type\":\"SearchAction\",\"target\":{\"@type\":\"EntryPoint\",\"urlTemplate\":\"https:\/\/staging.catwalkyourself.com\/?s={search_term_string}\"},\"query-input\":\"required name=search_term_string\"}],\"inLanguage\":\"fr-FR\"}]}<\/script>\n<!-- \/ Yoast SEO plugin. -->","yoast_head_json":{"title":"Automne-Hiver 2012\/2013 - Tendances - Catwalk Yourself","robots":{"index":"noindex","follow":"follow","max-snippet":"max-snippet:-1","max-image-preview":"max-image-preview:large","max-video-preview":"max-video-preview:-1"},"og_locale":"fr_FR","og_type":"article","og_title":"Automne-Hiver 2012\/2013 - Tendances - Catwalk Yourself","og_description":"La Fashion Week provoque un raz de mar\u00e9e dans l&#8217;innovation et\u00a0le regard qui met en \u00e9moi le coeur de beaucoup d&#8217;entre nous ici et ailleurs, vous pouvez contempler les derni\u00e8res&nbsp; &nbsp;... read more","og_url":"https:\/\/staging.catwalkyourself.com\/fr\/tendances\/","og_site_name":"Catwalk Yourself","article_modified_time":"2012-11-19T11:28:50+00:00","og_image":[{"width":240,"height":160,"url":"https:\/\/staging.catwalkyourself.com\/wp-content\/uploads\/2012\/10\/trends_catwalk_yourself_AW14_mke-up.jpg","type":"image\/jpeg"}],"twitter_card":"summary_large_image","twitter_misc":{"Est. reading time":"1 minute"},"schema":{"@context":"https:\/\/schema.org","@graph":[{"@type":"WebPage","@id":"https:\/\/staging.catwalkyourself.com\/fr\/tendances\/","url":"https:\/\/staging.catwalkyourself.com\/fr\/tendances\/","name":"Automne-Hiver 2012\/2013 - Tendances - Catwalk Yourself","isPartOf":{"@id":"https:\/\/staging.catwalkyourself.com\/#website"},"datePublished":"2012-10-12T23:55:47+00:00","dateModified":"2012-11-19T11:28:50+00:00","inLanguage":"fr-FR","potentialAction":[{"@type":"ReadAction","target":["https:\/\/staging.catwalkyourself.com\/fr\/tendances\/"]}]},{"@type":"WebSite","@id":"https:\/\/staging.catwalkyourself.com\/#website","url":"https:\/\/staging.catwalkyourself.com\/","name":"Catwalk Yourself","description":"","potentialAction":[{"@type":"SearchAction","target":{"@type":"EntryPoint","urlTemplate":"https:\/\/staging.catwalkyourself.com\/?s={search_term_string}"},"query-input":"required name=search_term_string"}],"inLanguage":"fr-FR"}]}},"_links":{"self":[{"href":"https:\/\/staging.catwalkyourself.com\/fr\/wp-json\/wp\/v2\/pages\/15737"}],"collection":[{"href":"https:\/\/staging.catwalkyourself.com\/fr\/wp-json\/wp\/v2\/pages"}],"about":[{"href":"https:\/\/staging.catwalkyourself.com\/fr\/wp-json\/wp\/v2\/types\/page"}],"author":[{"embeddable":true,"href":"https:\/\/staging.catwalkyourself.com\/fr\/wp-json\/wp\/v2\/users\/1"}],"replies":[{"embeddable":true,"href":"https:\/\/staging.catwalkyourself.com\/fr\/wp-json\/wp\/v2\/comments?post=15737"}],"version-history":[{"count":0,"href":"https:\/\/staging.catwalkyourself.com\/fr\/wp-json\/wp\/v2\/pages\/15737\/revisions"}],"wp:featuredmedia":[{"embeddable":true,"href":"https:\/\/staging.catwalkyourself.com\/fr\/wp-json\/wp\/v2\/media\/167268"}],"wp:attachment":[{"href":"https:\/\/staging.catwalkyourself.com\/fr\/wp-json\/wp\/v2\/media?parent=15737"}],"curies":[{"name":"wp","href":"https:\/\/api.w.org\/{rel}","templated":true}]}}