{"id":15722,"date":"2012-10-09T17:33:42","date_gmt":"2012-10-09T16:33:42","guid":{"rendered":"\/biographies-2\/"},"modified":"2012-11-17T05:58:17","modified_gmt":"2012-11-17T05:58:17","slug":"biographie","status":"publish","type":"page","link":"https:\/\/staging.catwalkyourself.com\/fr\/biographie\/","title":{"rendered":"Biographies"},"content":{"rendered":"<p>Rencontre avec les ic\u00f4nes qui ont contribu\u00e9 \u00e0 fa\u00e7onner l&#8217;industrie de la mode, soit par des collections triomphantes ou des couvertures de magazines memorable. Ces Stars par\u00e9es de bijoux sont a decouvrir dans les annales de la culture pop. Qui vous inspire le plus?<\/p>\n<ul class=\"image-content-gallery\">\n<li><a href=\"\/fr\/createurs\/\"><img decoding=\"async\" class=\"alignnone size-full wp-image-7002\" title=\"catwalk_yourself_rtw_main\" src=\"\/wp-content\/uploads\/2012\/11\/catwalk_yourself_biography_designer.jpg\" alt=\"\" \/><\/a><br \/>\n<h3>Cr\u00e9ateurs<\/h3>\n<ul>\n<li><a href=\"\/fr\/createurs\/\">Voir tous!<\/a><\/li>\n<\/ul>\n<\/li>\n<li><a href=\"\/fr\/icones\/\"><img decoding=\"async\" class=\"alignnone size-full wp-image-7004\" title=\"catwalk_yourself_man_main\" src=\"\/wp-content\/uploads\/2012\/11\/catwalk_yourself_biography_icon.jpg\" alt=\"\" \/><\/a><br \/>\n<h3>Ic\u00f4nes<\/h3>\n<ul>\n<li><a href=\"\/fr\/icones\/\">Voir tous!<\/a><\/li>\n<\/ul>\n<\/li>\n<li><a href=\"\/fr\/photographes\/\"><img decoding=\"async\" class=\"alignnone size-full wp-image-7003\" title=\"catwalk_yourself_hc_main\" src=\"\/wp-content\/uploads\/2012\/11\/catwalk_yourself_biography_photographers.jpg\" alt=\"\" \/><\/a><br \/>\n<h3>Photographes<\/h3>\n<ul>\n<li><a href=\"\/fr\/photographes\/\">Voir tous!<\/a><\/li>\n<\/ul>\n<\/li>\n<\/ul>\n<div class=\"clearfix\"><\/div>\n<ul class=\"image-content-gallery\">\n<li><a href=\"\/fr\/top-modeles\/\"><img decoding=\"async\" class=\"alignnone size-full wp-image-7002\" title=\"catwalk_yourself_rtw_main\" src=\"\/wp-content\/uploads\/2012\/11\/catwalk_yourself_biography_models.jpg\" alt=\"\" \/><\/a><br \/>\n<h3>Top mod\u00e8les<\/h3>\n<ul>\n<li><a href=\"\/fr\/top-modeles\/\">Voir tous!<\/a><\/li>\n<\/ul>\n<\/li>\n<\/ul>\n<div class=\"clearfix\"><\/div>\n","protected":false},"excerpt":{"rendered":"<p>Rencontre avec les ic\u00f4nes qui ont contribu\u00e9 \u00e0 fa\u00e7onner l&#8217;industrie de la mode, soit par des collections triomphantes ou des couvertures de magazines memorable. Ces Stars par\u00e9es de bijoux sont<br \/>&nbsp; &nbsp;<a href=\"https:\/\/staging.catwalkyourself.com\/fr\/biographie\/\" class=\"more\">&#8230; read more<\/a><\/p>\n","protected":false},"author":1,"featured_media":613409,"parent":0,"menu_order":0,"comment_status":"open","ping_status":"open","template":"page-fashion-biographies.php","meta":{"footnotes":""},"acf":[],"yoast_head":"<!-- This site is optimized with the Yoast SEO plugin v22.1 - https:\/\/yoast.com\/wordpress\/plugins\/seo\/ -->\n<title>Biographies - Catwalk Yourself<\/title>\n<meta name=\"robots\" content=\"noindex, follow, max-snippet:-1, max-image-preview:large, max-video-preview:-1\" \/>\n<meta property=\"og:locale\" content=\"fr_FR\" \/>\n<meta property=\"og:type\" content=\"article\" \/>\n<meta property=\"og:title\" content=\"Biographies - Catwalk Yourself\" \/>\n<meta property=\"og:description\" content=\"Rencontre avec les ic\u00f4nes qui ont contribu\u00e9 \u00e0 fa\u00e7onner l&#8217;industrie de la mode, soit par des collections triomphantes ou des couvertures de magazines memorable. Ces Stars par\u00e9es de bijoux sont&nbsp; &nbsp;... read more\" \/>\n<meta property=\"og:url\" content=\"https:\/\/staging.catwalkyourself.com\/fr\/biographie\/\" \/>\n<meta property=\"og:site_name\" content=\"Catwalk Yourself\" \/>\n<meta property=\"article:modified_time\" content=\"2012-11-17T05:58:17+00:00\" \/>\n<meta property=\"og:image\" content=\"https:\/\/staging.catwalkyourself.com\/wp-content\/uploads\/2012\/10\/catwalk_yourself.designers.jpg\" \/>\n\t<meta property=\"og:image:width\" content=\"1840\" \/>\n\t<meta property=\"og:image:height\" content=\"1380\" \/>\n\t<meta property=\"og:image:type\" content=\"image\/jpeg\" \/>\n<meta name=\"twitter:card\" content=\"summary_large_image\" \/>\n<script type=\"application\/ld+json\" class=\"yoast-schema-graph\">{\"@context\":\"https:\/\/schema.org\",\"@graph\":[{\"@type\":\"WebPage\",\"@id\":\"https:\/\/staging.catwalkyourself.com\/fr\/biographie\/\",\"url\":\"https:\/\/staging.catwalkyourself.com\/fr\/biographie\/\",\"name\":\"Biographies - Catwalk Yourself\",\"isPartOf\":{\"@id\":\"https:\/\/staging.catwalkyourself.com\/#website\"},\"datePublished\":\"2012-10-09T16:33:42+00:00\",\"dateModified\":\"2012-11-17T05:58:17+00:00\",\"inLanguage\":\"fr-FR\",\"potentialAction\":[{\"@type\":\"ReadAction\",\"target\":[\"https:\/\/staging.catwalkyourself.com\/fr\/biographie\/\"]}]},{\"@type\":\"WebSite\",\"@id\":\"https:\/\/staging.catwalkyourself.com\/#website\",\"url\":\"https:\/\/staging.catwalkyourself.com\/\",\"name\":\"Catwalk Yourself\",\"description\":\"\",\"potentialAction\":[{\"@type\":\"SearchAction\",\"target\":{\"@type\":\"EntryPoint\",\"urlTemplate\":\"https:\/\/staging.catwalkyourself.com\/?s={search_term_string}\"},\"query-input\":\"required name=search_term_string\"}],\"inLanguage\":\"fr-FR\"}]}<\/script>\n<!-- \/ Yoast SEO plugin. -->","yoast_head_json":{"title":"Biographies - Catwalk Yourself","robots":{"index":"noindex","follow":"follow","max-snippet":"max-snippet:-1","max-image-preview":"max-image-preview:large","max-video-preview":"max-video-preview:-1"},"og_locale":"fr_FR","og_type":"article","og_title":"Biographies - Catwalk Yourself","og_description":"Rencontre avec les ic\u00f4nes qui ont contribu\u00e9 \u00e0 fa\u00e7onner l&#8217;industrie de la mode, soit par des collections triomphantes ou des couvertures de magazines memorable. Ces Stars par\u00e9es de bijoux sont&nbsp; &nbsp;... read more","og_url":"https:\/\/staging.catwalkyourself.com\/fr\/biographie\/","og_site_name":"Catwalk Yourself","article_modified_time":"2012-11-17T05:58:17+00:00","og_image":[{"width":"1840","height":"1380","url":"https:\/\/staging.catwalkyourself.com\/wp-content\/uploads\/2012\/10\/catwalk_yourself.designers.jpg","type":"image\/jpeg"}],"twitter_card":"summary_large_image","schema":{"@context":"https:\/\/schema.org","@graph":[{"@type":"WebPage","@id":"https:\/\/staging.catwalkyourself.com\/fr\/biographie\/","url":"https:\/\/staging.catwalkyourself.com\/fr\/biographie\/","name":"Biographies - Catwalk Yourself","isPartOf":{"@id":"https:\/\/staging.catwalkyourself.com\/#website"},"datePublished":"2012-10-09T16:33:42+00:00","dateModified":"2012-11-17T05:58:17+00:00","inLanguage":"fr-FR","potentialAction":[{"@type":"ReadAction","target":["https:\/\/staging.catwalkyourself.com\/fr\/biographie\/"]}]},{"@type":"WebSite","@id":"https:\/\/staging.catwalkyourself.com\/#website","url":"https:\/\/staging.catwalkyourself.com\/","name":"Catwalk Yourself","description":"","potentialAction":[{"@type":"SearchAction","target":{"@type":"EntryPoint","urlTemplate":"https:\/\/staging.catwalkyourself.com\/?s={search_term_string}"},"query-input":"required name=search_term_string"}],"inLanguage":"fr-FR"}]}},"_links":{"self":[{"href":"https:\/\/staging.catwalkyourself.com\/fr\/wp-json\/wp\/v2\/pages\/15722"}],"collection":[{"href":"https:\/\/staging.catwalkyourself.com\/fr\/wp-json\/wp\/v2\/pages"}],"about":[{"href":"https:\/\/staging.catwalkyourself.com\/fr\/wp-json\/wp\/v2\/types\/page"}],"author":[{"embeddable":true,"href":"https:\/\/staging.catwalkyourself.com\/fr\/wp-json\/wp\/v2\/users\/1"}],"replies":[{"embeddable":true,"href":"https:\/\/staging.catwalkyourself.com\/fr\/wp-json\/wp\/v2\/comments?post=15722"}],"version-history":[{"count":3,"href":"https:\/\/staging.catwalkyourself.com\/fr\/wp-json\/wp\/v2\/pages\/15722\/revisions"}],"predecessor-version":[{"id":15728,"href":"https:\/\/staging.catwalkyourself.com\/fr\/wp-json\/wp\/v2\/pages\/15722\/revisions\/15728"}],"wp:featuredmedia":[{"embeddable":true,"href":"https:\/\/staging.catwalkyourself.com\/fr\/wp-json\/wp\/v2\/media\/613409"}],"wp:attachment":[{"href":"https:\/\/staging.catwalkyourself.com\/fr\/wp-json\/wp\/v2\/media?parent=15722"}],"curies":[{"name":"wp","href":"https:\/\/api.w.org\/{rel}","templated":true}]}}