{"id":15668,"date":"2012-10-05T11:59:14","date_gmt":"2012-10-05T10:59:14","guid":{"rendered":"\/fashion-weeks-2\/"},"modified":"2012-11-19T11:21:18","modified_gmt":"2012-11-19T11:21:18","slug":"fashion-weeks","status":"publish","type":"page","link":"https:\/\/staging.catwalkyourself.com\/fr\/fashion-weeks\/","title":{"rendered":"Semaines de la mode"},"content":{"rendered":"<ul class=\"image-content-gallery\">\n<li><img decoding=\"async\" class=\"alignnone size-full wp-image-7002\" title=\"catwalk_yourself_rtw_main\" src=\"\/wp-content\/uploads\/2012\/10\/catwalk_yourself_weeks_rtw.jpg\" alt=\"\" \/><br \/>\n<h3>Pret-a-porter<\/h3>\n<p style=\"text-align: left;\">De New York \u00e0 Paris, vous pourrez constater la puissance de la mode sa cr\u00e9ativit\u00e9, le tout dans un seul et m\u00eame endroit.<\/p>\n<div class=\"clearfix\"><\/div>\n<div class=\"spacer70\"><\/div>\n<ul>\n<li><a href=\"\/fr\/pret-a-porter-printemps-ete-2013\/\">Printemps-\u00c9t\u00e9 2013<\/a><\/li>\n<li><a href=\"\/fr\/pret-a-porter-automne-hiver-2012-2013\/\">Automne-Hiver 2012\/2013<\/a><\/li>\n<li><a href=\"\/fr\/pret-a-porter-printemps-ete-2012\/\">Printemps-\u00c9t\u00e9 2012<\/a><\/li>\n<li><a href=\"\/fr\/pret-a-porter-automne-hiver-2011-2012\/\">Automne-Hiver 2011\/2012<\/a><\/li>\n<li><a href=\"\/fr\/pret-a-porter-printemps-ete-2011\/\">Printemps-\u00c9t\u00e9 2011<\/a><\/li>\n<li><a href=\"\/fr\/pret-a-porter-automne-hiver-2010-2011\/\">Automne-Hiver 2010\/2011<\/a><\/li>\n<\/ul>\n<\/li>\n<li><img decoding=\"async\" class=\"alignnone size-full wp-image-7004\" title=\"catwalk_yourself_man_main\" src=\"\/wp-content\/uploads\/2012\/10\/catwalk_yourself_weeks_man.jpg\" alt=\"\" \/><br \/>\n<h3>Homme<\/h3>\n<p style=\"text-align: left;\">De dapper \u00e0 Androgynie, devenez le temoin privilegie de la mode masculine qui ne cesse de se renover a chaque changement de saison.<\/p>\n<div class=\"clearfix\"><\/div>\n<div class=\"spacer50\"><\/div>\n<ul>\n<li><a href=\"\/fr\/homme-printemps-ete-2013\/\">Printemps-\u00c9t\u00e9 2013<\/a><\/li>\n<li><a href=\"\/fr\/homme-automne-hiver-2012-2013\/\">Automne-Hiver 2012\/2013<\/a><\/li>\n<li><a href=\"\/fr\/homme-printemps-ete-2012\/\">Printemps-\u00c9t\u00e9 2012<\/a><\/li>\n<li><a href=\"\/fr\/homme-automne-hiver-2011-2012\/\">Automne-Hiver 2011\/2012<\/a><\/li>\n<li><a href=\"\/fr\/homme-printemps-ete-2011\/\">Printemps-\u00c9t\u00e9 2011<\/a><\/li>\n<li><a href=\"\/fr\/homme-automne-hiver-2010-2011\/\">Automne-Hiver 2010\/2011<\/a><\/li>\n<\/ul>\n<\/li>\n<li><img decoding=\"async\" loading=\"lazy\" width=\"240\" height=\"160\" class=\"alignnone size-full wp-image-7003\" title=\"catwalk_yourself_hc_main\" src=\"\/wp-content\/uploads\/2012\/10\/catwalk_yourself_hc_main.jpg\" alt=\"\" srcset=\"https:\/\/staging.catwalkyourself.com\/wp-content\/uploads\/2012\/10\/catwalk_yourself_hc_main.jpg 240w, https:\/\/staging.catwalkyourself.com\/wp-content\/uploads\/2012\/10\/catwalk_yourself_hc_main-160x106.jpg 160w\" sizes=\"(max-width: 240px) 100vw, 240px\" \/><br \/>\n<h3>Haute Couture<\/h3>\n<p style=\"text-align: left;\">La Haute Couture en elle-m\u00eame est Art, c&#8217;est une \u00e9vasion dans un monde exquis o\u00f9 le dessin fusione avec la perfection. Visitez notre site pour voir un compte de fee se transformer en realite.<\/p>\n<div class=\"clearfix\"><\/div>\n<div class=\"spacer10\"><\/div>\n<ul>\n<li><a href=\"\/fr\/haute-couture-automne-hiver-2012-2013\/\">Automne-Hiver 2012\/2013<\/a><\/li>\n<li><a href=\"\/fr\/haute-couture-printemps-ete-2012-2\/\">Printemps-\u00c9t\u00e9 2012<\/a><\/li>\n<li><a href=\"\/fr\/haute-couture-automne-hiver-2011-2012\/\">Automne-Hiver 2011\/2012<\/a><\/li>\n<li><a href=\"\/fr\/haute-couture-printemps-ete-2011\/\">Printemps-\u00c9t\u00e9 2011<\/a><\/li>\n<li><a href=\"\/fr\/haute-couture-automne-hiver-2010-2011\/\">Automne-Hiver 2010\/11<\/a><\/li>\n<li><a href=\"\/fr\/haute-couture-printemps-ete-2010\/\">Printemps-\u00c9t\u00e9 2010<\/a><\/li>\n<\/ul>\n<\/li>\n<\/ul>\n<div class=\"clearfix\"><\/div>\n","protected":false},"excerpt":{"rendered":"<p>Pret-a-porter De New York \u00e0 Paris, vous pourrez constater la puissance de la mode sa cr\u00e9ativit\u00e9, le tout dans un seul et m\u00eame endroit. Printemps-\u00c9t\u00e9 2013 Automne-Hiver 2012\/2013 Printemps-\u00c9t\u00e9 2012<br \/>&nbsp; &nbsp;<a href=\"https:\/\/staging.catwalkyourself.com\/fr\/fashion-weeks\/\" class=\"more\">&#8230; read more<\/a><\/p>\n","protected":false},"author":1,"featured_media":72433,"parent":0,"menu_order":0,"comment_status":"open","ping_status":"open","template":"page-fashion-seasons.php","meta":{"footnotes":""},"acf":[],"yoast_head":"<!-- This site is optimized with the Yoast SEO plugin v22.1 - https:\/\/yoast.com\/wordpress\/plugins\/seo\/ -->\n<title>Semaines de la mode - Catwalk Yourself<\/title>\n<meta name=\"robots\" content=\"noindex, follow, max-snippet:-1, max-image-preview:large, max-video-preview:-1\" \/>\n<meta property=\"og:locale\" content=\"fr_FR\" \/>\n<meta property=\"og:type\" content=\"article\" \/>\n<meta property=\"og:title\" content=\"Semaines de la mode - Catwalk Yourself\" \/>\n<meta property=\"og:description\" content=\"Pret-a-porter De New York \u00e0 Paris, vous pourrez constater la puissance de la mode sa cr\u00e9ativit\u00e9, le tout dans un seul et m\u00eame endroit. Printemps-\u00c9t\u00e9 2013 Automne-Hiver 2012\/2013 Printemps-\u00c9t\u00e9 2012&nbsp; &nbsp;... read more\" \/>\n<meta property=\"og:url\" content=\"https:\/\/staging.catwalkyourself.com\/fr\/fashion-weeks\/\" \/>\n<meta property=\"og:site_name\" content=\"Catwalk Yourself\" \/>\n<meta property=\"article:modified_time\" content=\"2012-11-19T11:21:18+00:00\" \/>\n<meta property=\"og:image\" content=\"https:\/\/staging.catwalkyourself.com\/wp-content\/uploads\/2012\/10\/catwalk_yourself_man_main.jpg\" \/>\n\t<meta property=\"og:image:width\" content=\"240\" \/>\n\t<meta property=\"og:image:height\" content=\"160\" \/>\n\t<meta property=\"og:image:type\" content=\"image\/jpeg\" \/>\n<meta name=\"twitter:card\" content=\"summary_large_image\" \/>\n<meta name=\"twitter:label1\" content=\"Est. reading time\" \/>\n\t<meta name=\"twitter:data1\" content=\"1 minute\" \/>\n<script type=\"application\/ld+json\" class=\"yoast-schema-graph\">{\"@context\":\"https:\/\/schema.org\",\"@graph\":[{\"@type\":\"WebPage\",\"@id\":\"https:\/\/staging.catwalkyourself.com\/fr\/fashion-weeks\/\",\"url\":\"https:\/\/staging.catwalkyourself.com\/fr\/fashion-weeks\/\",\"name\":\"Semaines de la mode - Catwalk Yourself\",\"isPartOf\":{\"@id\":\"https:\/\/staging.catwalkyourself.com\/#website\"},\"datePublished\":\"2012-10-05T10:59:14+00:00\",\"dateModified\":\"2012-11-19T11:21:18+00:00\",\"inLanguage\":\"fr-FR\",\"potentialAction\":[{\"@type\":\"ReadAction\",\"target\":[\"https:\/\/staging.catwalkyourself.com\/fr\/fashion-weeks\/\"]}]},{\"@type\":\"WebSite\",\"@id\":\"https:\/\/staging.catwalkyourself.com\/#website\",\"url\":\"https:\/\/staging.catwalkyourself.com\/\",\"name\":\"Catwalk Yourself\",\"description\":\"\",\"potentialAction\":[{\"@type\":\"SearchAction\",\"target\":{\"@type\":\"EntryPoint\",\"urlTemplate\":\"https:\/\/staging.catwalkyourself.com\/?s={search_term_string}\"},\"query-input\":\"required name=search_term_string\"}],\"inLanguage\":\"fr-FR\"}]}<\/script>\n<!-- \/ Yoast SEO plugin. -->","yoast_head_json":{"title":"Semaines de la mode - Catwalk Yourself","robots":{"index":"noindex","follow":"follow","max-snippet":"max-snippet:-1","max-image-preview":"max-image-preview:large","max-video-preview":"max-video-preview:-1"},"og_locale":"fr_FR","og_type":"article","og_title":"Semaines de la mode - Catwalk Yourself","og_description":"Pret-a-porter De New York \u00e0 Paris, vous pourrez constater la puissance de la mode sa cr\u00e9ativit\u00e9, le tout dans un seul et m\u00eame endroit. Printemps-\u00c9t\u00e9 2013 Automne-Hiver 2012\/2013 Printemps-\u00c9t\u00e9 2012&nbsp; &nbsp;... read more","og_url":"https:\/\/staging.catwalkyourself.com\/fr\/fashion-weeks\/","og_site_name":"Catwalk Yourself","article_modified_time":"2012-11-19T11:21:18+00:00","og_image":[{"width":"240","height":"160","url":"https:\/\/staging.catwalkyourself.com\/wp-content\/uploads\/2012\/10\/catwalk_yourself_man_main.jpg","type":"image\/jpeg"}],"twitter_card":"summary_large_image","twitter_misc":{"Est. reading time":"1 minute"},"schema":{"@context":"https:\/\/schema.org","@graph":[{"@type":"WebPage","@id":"https:\/\/staging.catwalkyourself.com\/fr\/fashion-weeks\/","url":"https:\/\/staging.catwalkyourself.com\/fr\/fashion-weeks\/","name":"Semaines de la mode - Catwalk Yourself","isPartOf":{"@id":"https:\/\/staging.catwalkyourself.com\/#website"},"datePublished":"2012-10-05T10:59:14+00:00","dateModified":"2012-11-19T11:21:18+00:00","inLanguage":"fr-FR","potentialAction":[{"@type":"ReadAction","target":["https:\/\/staging.catwalkyourself.com\/fr\/fashion-weeks\/"]}]},{"@type":"WebSite","@id":"https:\/\/staging.catwalkyourself.com\/#website","url":"https:\/\/staging.catwalkyourself.com\/","name":"Catwalk Yourself","description":"","potentialAction":[{"@type":"SearchAction","target":{"@type":"EntryPoint","urlTemplate":"https:\/\/staging.catwalkyourself.com\/?s={search_term_string}"},"query-input":"required name=search_term_string"}],"inLanguage":"fr-FR"}]}},"_links":{"self":[{"href":"https:\/\/staging.catwalkyourself.com\/fr\/wp-json\/wp\/v2\/pages\/15668"}],"collection":[{"href":"https:\/\/staging.catwalkyourself.com\/fr\/wp-json\/wp\/v2\/pages"}],"about":[{"href":"https:\/\/staging.catwalkyourself.com\/fr\/wp-json\/wp\/v2\/types\/page"}],"author":[{"embeddable":true,"href":"https:\/\/staging.catwalkyourself.com\/fr\/wp-json\/wp\/v2\/users\/1"}],"replies":[{"embeddable":true,"href":"https:\/\/staging.catwalkyourself.com\/fr\/wp-json\/wp\/v2\/comments?post=15668"}],"version-history":[{"count":9,"href":"https:\/\/staging.catwalkyourself.com\/fr\/wp-json\/wp\/v2\/pages\/15668\/revisions"}],"predecessor-version":[{"id":19173,"href":"https:\/\/staging.catwalkyourself.com\/fr\/wp-json\/wp\/v2\/pages\/15668\/revisions\/19173"}],"wp:featuredmedia":[{"embeddable":true,"href":"https:\/\/staging.catwalkyourself.com\/fr\/wp-json\/wp\/v2\/media\/72433"}],"wp:attachment":[{"href":"https:\/\/staging.catwalkyourself.com\/fr\/wp-json\/wp\/v2\/media?parent=15668"}],"curies":[{"name":"wp","href":"https:\/\/api.w.org\/{rel}","templated":true}]}}