{"id":12851,"date":"2012-10-31T12:48:36","date_gmt":"2012-10-31T12:48:36","guid":{"rendered":"\/terms-of-use-2\/"},"modified":"2012-10-31T14:22:39","modified_gmt":"2012-10-31T14:22:39","slug":"terms-of-use","status":"publish","type":"page","link":"https:\/\/staging.catwalkyourself.com\/fr\/terms-of-use\/","title":{"rendered":"Terms of Use"},"content":{"rendered":"<p><strong>Nous avons de notremieuxcouverttous les copyrights et la propri\u00e9t\u00e9intellectuelled\u2019images, maissivouspensezque nous sommes en infraction de quelquer\u00e8gle, nous vous prions d\u2019entrer en contact avec nous et nous nousassureronsd\u2019\u00f4terl\u2019imageou de n\u00e9gocieruneamendepotentielle.<\/strong><\/p>\n<p><strong>Termeset conditions d\u2019usage \u2013 Catwalk Yourself<\/strong><\/p>\n<p>Bienvenuesurnotre site web. En poursuivantvotrevisiteetvotre usage de ce site,vousacceptez d\u2019\u00eatre li\u00e9s par les termes et conditions d\u2019usagesuivants, qui avec notrecharte de confidentialit\u00e9d\u00e9finissentvotrerapport \u00e0 www.catwalkyourself.com surce site web. Si vous\u00eates en d\u00e9saccord avec quelqu\u2019aspect decestermeset conditions, veuillez ne pas user de ce site web. Le terme \u201cwww.catwalkyourself.com\u201d ou \u201cnous\u201d r\u00e9f\u00e8re au propri\u00e9taire du site web qui estenregistr\u00e9 au bureau 402 Anchor House, Smugglers Way Londres SW18 1EN Royaume-Uni. Le terme \u201cvous\u201d r\u00e9f\u00e8re \u00e0 l\u2019utilisateurouvisiteur de notre site web.L\u2019usage de ce site web estsujet aux termesd\u2019usagesuivants :<\/p>\n<ul>\n<li>Le contenu des pages de ce site web estdestin\u00e9 \u00e0 votre information g\u00e9n\u00e9rale et votre usage exclusivement. Ilestsujet \u00e0 des modifications sans pr\u00e9avis.<\/li>\n<li>Ce site web utilise des cookies de pistages pour d\u00e9terminervospr\u00e9f\u00e9rences de navigation.<\/li>\n<\/ul>\n<ul>\n<li>Ni nous niaucun tierce parti ne pourvoie de certification ou de garantie quant \u00e0 l\u2019exactitude,latemporalit\u00e9, la performance, l\u2019int\u00e9grit\u00e9ou la pertinence de l\u2019informations et du mat\u00e9rieltrouv\u00e9souoffertssurce site web pour un propos sp\u00e9cifiquedonn\u00e9. Vousprenezconnaissance du fait que de telsinformationsoumat\u00e9riauxpeuventcontenir des inexactitudesou des erreurset nous rejetonsexpress\u00e9menttoutesusceptibilit\u00e9 de poursuite pour de tellesinexactitudesouerreursautantque la loi le permet.<\/li>\n<li>Votre usage de toute information oumat\u00e9rielsurce site web estenti\u00e8rement \u00e0 vospropresrisques, vis-\u00e0-vis desquels nous rejetonstouteresponsabilit\u00e9. Ilestvotreresponsabilit\u00e9 de vous assurer que tout produit, service ou information rendudisponible par ce site web soitconforme \u00e0 vos conditions requises.<\/li>\n<li>Ce site web contient des mat\u00e9riaux qui nous appartiennentoudont la licence nous appartient. Cesmat\u00e9riauxincluent, maisne se limitent pas \u00e0, notre design, mise et page, style, apparence et graphiques.La reproduction estprohib\u00e9e hors des termesd\u00e9finispar la d\u00e9claration de copyright<br \/>\nquiconstitueunepartieint\u00e9grante des termes et conditions pr\u00e9sents.<\/li>\n<li>Toute marque d\u00e9pos\u00e9ereproduitesurce site web, qui ne sont pas la propri\u00e9t\u00e9 de, ou\n<p>dont la licence n\u2019est pas au nom de l\u2019op\u00e9rateur, est prise en comptesur le site web.<\/p>\n<ul>\n<li>Tout usage non-autoris\u00e9 de ce site web est susceptible de donner suite \u00e0 des poursuite pour des compensations et\/oud\u00e9litcriminel.<\/li>\n<\/ul>\n<\/li>\n<li>Occasionnellement, ce site web peut\u00e9galementinclure des liens versd\u2019autres sites web. Ces liens sontpourvus pour votreconvenance pour fournir des informationssuppl\u00e9mentaires. Ils ne signifient pas que nous approuvons de ces sites web. Nous n\u2019acceptonsaucuneresponsabilit\u00e9 quant au contenu des sites web mentionn\u00e9s plus haut<\/li>\n<li>Votre usage de ce site web et tout conflitr\u00e9sultant de cet usage du site web sontsujets aux loisde  l\u2019Angleterre, de l\u2019Irlande du Nord, de l\u2019\u00c9cosse et du Pays de Galle.<\/li>\n<\/ul>\n","protected":false},"excerpt":{"rendered":"<p>Nous avons de notremieuxcouverttous les copyrights et la propri\u00e9t\u00e9intellectuelled\u2019images, maissivouspensezque nous sommes en infraction de quelquer\u00e8gle, nous vous prions d\u2019entrer en contact avec nous et nous nousassureronsd\u2019\u00f4terl\u2019imageou de n\u00e9gocieruneamendepotentielle. Termeset<br \/>&nbsp; &nbsp;<a href=\"https:\/\/staging.catwalkyourself.com\/fr\/terms-of-use\/\" class=\"more\">&#8230; read more<\/a><\/p>\n","protected":false},"author":1,"featured_media":0,"parent":0,"menu_order":0,"comment_status":"open","ping_status":"open","template":"page-simple.php","meta":{"footnotes":""},"acf":[],"yoast_head":"<!-- This site is optimized with the Yoast SEO plugin v22.1 - https:\/\/yoast.com\/wordpress\/plugins\/seo\/ -->\n<title>Terms of Use - Catwalk Yourself<\/title>\n<meta name=\"robots\" content=\"noindex, follow, max-snippet:-1, max-image-preview:large, max-video-preview:-1\" \/>\n<meta property=\"og:locale\" content=\"fr_FR\" \/>\n<meta property=\"og:type\" content=\"article\" \/>\n<meta property=\"og:title\" content=\"Terms of Use - Catwalk Yourself\" \/>\n<meta property=\"og:description\" content=\"Nous avons de notremieuxcouverttous les copyrights et la propri\u00e9t\u00e9intellectuelled\u2019images, maissivouspensezque nous sommes en infraction de quelquer\u00e8gle, nous vous prions d\u2019entrer en contact avec nous et nous nousassureronsd\u2019\u00f4terl\u2019imageou de n\u00e9gocieruneamendepotentielle. Termeset&nbsp; &nbsp;... read more\" \/>\n<meta property=\"og:url\" content=\"https:\/\/staging.catwalkyourself.com\/fr\/terms-of-use\/\" \/>\n<meta property=\"og:site_name\" content=\"Catwalk Yourself\" \/>\n<meta property=\"article:modified_time\" content=\"2012-10-31T14:22:39+00:00\" \/>\n<meta name=\"twitter:card\" content=\"summary_large_image\" \/>\n<meta name=\"twitter:label1\" content=\"Est. reading time\" \/>\n\t<meta name=\"twitter:data1\" content=\"2 minutes\" \/>\n<script type=\"application\/ld+json\" class=\"yoast-schema-graph\">{\"@context\":\"https:\/\/schema.org\",\"@graph\":[{\"@type\":\"WebPage\",\"@id\":\"https:\/\/staging.catwalkyourself.com\/fr\/terms-of-use\/\",\"url\":\"https:\/\/staging.catwalkyourself.com\/fr\/terms-of-use\/\",\"name\":\"Terms of Use - Catwalk Yourself\",\"isPartOf\":{\"@id\":\"https:\/\/staging.catwalkyourself.com\/#website\"},\"datePublished\":\"2012-10-31T12:48:36+00:00\",\"dateModified\":\"2012-10-31T14:22:39+00:00\",\"inLanguage\":\"fr-FR\",\"potentialAction\":[{\"@type\":\"ReadAction\",\"target\":[\"https:\/\/staging.catwalkyourself.com\/fr\/terms-of-use\/\"]}]},{\"@type\":\"WebSite\",\"@id\":\"https:\/\/staging.catwalkyourself.com\/#website\",\"url\":\"https:\/\/staging.catwalkyourself.com\/\",\"name\":\"Catwalk Yourself\",\"description\":\"\",\"potentialAction\":[{\"@type\":\"SearchAction\",\"target\":{\"@type\":\"EntryPoint\",\"urlTemplate\":\"https:\/\/staging.catwalkyourself.com\/?s={search_term_string}\"},\"query-input\":\"required name=search_term_string\"}],\"inLanguage\":\"fr-FR\"}]}<\/script>\n<!-- \/ Yoast SEO plugin. -->","yoast_head_json":{"title":"Terms of Use - Catwalk Yourself","robots":{"index":"noindex","follow":"follow","max-snippet":"max-snippet:-1","max-image-preview":"max-image-preview:large","max-video-preview":"max-video-preview:-1"},"og_locale":"fr_FR","og_type":"article","og_title":"Terms of Use - Catwalk Yourself","og_description":"Nous avons de notremieuxcouverttous les copyrights et la propri\u00e9t\u00e9intellectuelled\u2019images, maissivouspensezque nous sommes en infraction de quelquer\u00e8gle, nous vous prions d\u2019entrer en contact avec nous et nous nousassureronsd\u2019\u00f4terl\u2019imageou de n\u00e9gocieruneamendepotentielle. Termeset&nbsp; &nbsp;... read more","og_url":"https:\/\/staging.catwalkyourself.com\/fr\/terms-of-use\/","og_site_name":"Catwalk Yourself","article_modified_time":"2012-10-31T14:22:39+00:00","twitter_card":"summary_large_image","twitter_misc":{"Est. reading time":"2 minutes"},"schema":{"@context":"https:\/\/schema.org","@graph":[{"@type":"WebPage","@id":"https:\/\/staging.catwalkyourself.com\/fr\/terms-of-use\/","url":"https:\/\/staging.catwalkyourself.com\/fr\/terms-of-use\/","name":"Terms of Use - Catwalk Yourself","isPartOf":{"@id":"https:\/\/staging.catwalkyourself.com\/#website"},"datePublished":"2012-10-31T12:48:36+00:00","dateModified":"2012-10-31T14:22:39+00:00","inLanguage":"fr-FR","potentialAction":[{"@type":"ReadAction","target":["https:\/\/staging.catwalkyourself.com\/fr\/terms-of-use\/"]}]},{"@type":"WebSite","@id":"https:\/\/staging.catwalkyourself.com\/#website","url":"https:\/\/staging.catwalkyourself.com\/","name":"Catwalk Yourself","description":"","potentialAction":[{"@type":"SearchAction","target":{"@type":"EntryPoint","urlTemplate":"https:\/\/staging.catwalkyourself.com\/?s={search_term_string}"},"query-input":"required name=search_term_string"}],"inLanguage":"fr-FR"}]}},"_links":{"self":[{"href":"https:\/\/staging.catwalkyourself.com\/fr\/wp-json\/wp\/v2\/pages\/12851"}],"collection":[{"href":"https:\/\/staging.catwalkyourself.com\/fr\/wp-json\/wp\/v2\/pages"}],"about":[{"href":"https:\/\/staging.catwalkyourself.com\/fr\/wp-json\/wp\/v2\/types\/page"}],"author":[{"embeddable":true,"href":"https:\/\/staging.catwalkyourself.com\/fr\/wp-json\/wp\/v2\/users\/1"}],"replies":[{"embeddable":true,"href":"https:\/\/staging.catwalkyourself.com\/fr\/wp-json\/wp\/v2\/comments?post=12851"}],"version-history":[{"count":2,"href":"https:\/\/staging.catwalkyourself.com\/fr\/wp-json\/wp\/v2\/pages\/12851\/revisions"}],"predecessor-version":[{"id":12858,"href":"https:\/\/staging.catwalkyourself.com\/fr\/wp-json\/wp\/v2\/pages\/12851\/revisions\/12858"}],"wp:attachment":[{"href":"https:\/\/staging.catwalkyourself.com\/fr\/wp-json\/wp\/v2\/media?parent=12851"}],"curies":[{"name":"wp","href":"https:\/\/api.w.org\/{rel}","templated":true}]}}