{"id":12847,"date":"2012-10-31T12:48:36","date_gmt":"2012-10-31T12:48:36","guid":{"rendered":"\/terms-of-use-2\/"},"modified":"2012-10-31T14:10:06","modified_gmt":"2012-10-31T14:10:06","slug":"terms-of-use","status":"publish","type":"page","link":"https:\/\/staging.catwalkyourself.com\/de\/terms-of-use\/","title":{"rendered":"Terms of Use"},"content":{"rendered":"<p><strong>Wir haben unser Bestes getan, alle Urheberrechte und Bildnachweise zu ber\u00fccksichtigen und anzuf\u00fchren. Sollten Sie dennoch jegliche Verletzung dieser feststellen, bitten wir darum, mit uns in Kontakt zu treten. Wir werden je nachdem Obiges herausnehmen oder \u00fcber eine m\u00f6gliche Geb\u00fchr verhandeln.<\/strong><\/p>\n<p><strong>Website-Nutzungsvoraussetzungen &#038; -bedingungen  &#8211;  Catwalk Yourself<\/strong><\/p>\n<p>Willkommen auf unserer Website. Gesetzt den Fall, dass Sie weiter Gebrauch und Sichtigung unserer Website vornehmen, stimmen Sie zu, sich den folgenden Nutzungsvoraussetzungen &#038; -bedingungen zu verpflichten und einverstanden zu erkl\u00e4ren, welche zusammen mit unserer Datenschutzrichtlinie das Verh\u00e4ltnis zwischen dem Leser und catwalkyourself.com auf dieser Website regeln. Falls Sie irgendeinem Punkt der Nutzungsvoraussetzungen &#038; -bedingungen nicht zustimmen sollten, machen Sie nicht Gebrauch von unserer Website.<\/p>\n<p>Der Ausdruck \u201ewww.catwalksyourself.com\u201c, \u201euns\u201c oder \u201ewir\u201c bezieht sich auf den Inhaber dieser Website, dessen Sitz sich in 402 Anchor House, Smugglers Way London  SW181EN, United Kingdom befindet. Der Ausdruck \u201eSie\u201c steht in Bezug auf den Leser oder Anwender dieser Website.<\/p>\n<p>TDer Gebrauch der Website unterliegt folgenden Nutzungsvoraussetzungen &#038; -bedingungen:<\/p>\n<ul>\n<li>Der Inhalt dieser Website ist ausschlie\u00dflich f\u00fcr Ihre allgemeine Informationsbeschaffung und den eigenen Gebrauch. Es wird sich von unserer Seite aus bem\u00fcht, Ab\u00e4nderungen unmerklich vorzunehmen.<\/li>\n<li>Diese Website verwendet die Cookie-Technik einzig zum Feststellen von Interessentendenzen.<\/li>\n<li>Weder wir noch Dritte erheben s\u00e4mtliche Gew\u00e4hrleistung oder Garantie in Bezug auf Richtigkeit, Aktualit\u00e4t, Ausf\u00fchrung, Vollst\u00e4ndigkeit oder Angemessenheit der dargebotenen und errichteten Informationen und Materialien auf dieser Website f\u00fcr jeglichen bestimmten Gebrauch. Bitte r\u00e4umen Sie ein, dass Informationen und Materialien auf dieser Website Ungenauigkeiten und Fehler beinhalten k\u00f6nnen und dass wir ausdr\u00fccklich die Haftung f\u00fcr derartige Ungenauigkeiten und Fehler soweit das Gesetz erm\u00f6glicht ausschlie\u00dfen.<\/li>\n<li>Gebrauch von jeglicher Information und jeglichem Material dieser Website steht unter dem Risiko des Anwenders, f\u00fcr das wir nicht haften. Es steht in der eigenen Verantwortung, dass die auf dieser Website angef\u00fchrten Produkte, Dienste und Informationen den eigenen Anforderungen entsprechen m\u00f6gen.<\/li>\n<li>Diese Website enth\u00e4lt Material, das von uns in Besitz oder lizenziert ist. Darunter z\u00e4hlt bis dato das Design, Layout, Aussehen, die Erscheinung und Grafik. Reproduktion ist untersagt, au\u00dfer in \u00dcbereinstimmung mit der Urheberrechtsanf\u00fchrung, welches Teil dieser Nutzungsvoraussetzungen &#038; -bedingungen ausmacht.<\/li>\n<li>Alle auf dieser Website wiedergegebenen Handelszeichen, deren Besitz wir nicht beanspruchen oder die f\u00fcr den Anwender nicht lizenziert sind, sind auf dieser Website einger\u00e4umt.<\/li>\n<li>Unbefugter Gebrauch dieser Website mag Entsch\u00e4digungsanspruch zur Folge haben oder als strafbare Handlung gesehen werden.<\/li>\n<li>Zeitweilig mag diese Website zudem Links anderer Websites enthalten, welche ausschlie\u00dflich zum Nutzen des Anwenders durch mehr Informationsangebot angef\u00fchrt werden. Wir schlie\u00dfen hierbei jede Empfehlung bez\u00fcglich dieser Websites aus. Wir \u00fcbernehmen keine Verantwortung f\u00fcr den Inhalt dieser Websites.<\/li>\n<li>Ihr Gebrauch dieser Website und jegliche Kontroverse durch Ihren Gebrauch dieser Website unterliegen dem Gesetz von England, Nordirland, Schottland und Wales.<\/li>\n<\/ul>\n","protected":false},"excerpt":{"rendered":"<p>Wir haben unser Bestes getan, alle Urheberrechte und Bildnachweise zu ber\u00fccksichtigen und anzuf\u00fchren. Sollten Sie dennoch jegliche Verletzung dieser feststellen, bitten wir darum, mit uns in Kontakt zu treten. Wir<br \/>&nbsp; &nbsp;<a href=\"https:\/\/staging.catwalkyourself.com\/de\/terms-of-use\/\" class=\"more\">&#8230; read more<\/a><\/p>\n","protected":false},"author":1,"featured_media":0,"parent":0,"menu_order":0,"comment_status":"open","ping_status":"open","template":"page-simple.php","meta":{"footnotes":""},"acf":[],"yoast_head":"<!-- This site is optimized with the Yoast SEO plugin v22.1 - https:\/\/yoast.com\/wordpress\/plugins\/seo\/ -->\n<title>Terms of Use - Catwalk Yourself<\/title>\n<meta name=\"robots\" content=\"noindex, follow, max-snippet:-1, max-image-preview:large, max-video-preview:-1\" \/>\n<meta property=\"og:locale\" content=\"de_DE\" \/>\n<meta property=\"og:type\" content=\"article\" \/>\n<meta property=\"og:title\" content=\"Terms of Use - Catwalk Yourself\" \/>\n<meta property=\"og:description\" content=\"Wir haben unser Bestes getan, alle Urheberrechte und Bildnachweise zu ber\u00fccksichtigen und anzuf\u00fchren. Sollten Sie dennoch jegliche Verletzung dieser feststellen, bitten wir darum, mit uns in Kontakt zu treten. Wir&nbsp; &nbsp;... read more\" \/>\n<meta property=\"og:url\" content=\"https:\/\/staging.catwalkyourself.com\/de\/terms-of-use\/\" \/>\n<meta property=\"og:site_name\" content=\"Catwalk Yourself\" \/>\n<meta property=\"article:modified_time\" content=\"2012-10-31T14:10:06+00:00\" \/>\n<meta name=\"twitter:card\" content=\"summary_large_image\" \/>\n<meta name=\"twitter:label1\" content=\"Est. reading time\" \/>\n\t<meta name=\"twitter:data1\" content=\"2 minutes\" \/>\n<script type=\"application\/ld+json\" class=\"yoast-schema-graph\">{\"@context\":\"https:\/\/schema.org\",\"@graph\":[{\"@type\":\"WebPage\",\"@id\":\"https:\/\/staging.catwalkyourself.com\/de\/terms-of-use\/\",\"url\":\"https:\/\/staging.catwalkyourself.com\/de\/terms-of-use\/\",\"name\":\"Terms of Use - Catwalk Yourself\",\"isPartOf\":{\"@id\":\"https:\/\/staging.catwalkyourself.com\/#website\"},\"datePublished\":\"2012-10-31T12:48:36+00:00\",\"dateModified\":\"2012-10-31T14:10:06+00:00\",\"inLanguage\":\"de-DE\",\"potentialAction\":[{\"@type\":\"ReadAction\",\"target\":[\"https:\/\/staging.catwalkyourself.com\/de\/terms-of-use\/\"]}]},{\"@type\":\"WebSite\",\"@id\":\"https:\/\/staging.catwalkyourself.com\/#website\",\"url\":\"https:\/\/staging.catwalkyourself.com\/\",\"name\":\"Catwalk Yourself\",\"description\":\"\",\"potentialAction\":[{\"@type\":\"SearchAction\",\"target\":{\"@type\":\"EntryPoint\",\"urlTemplate\":\"https:\/\/staging.catwalkyourself.com\/?s={search_term_string}\"},\"query-input\":\"required name=search_term_string\"}],\"inLanguage\":\"de-DE\"}]}<\/script>\n<!-- \/ Yoast SEO plugin. -->","yoast_head_json":{"title":"Terms of Use - Catwalk Yourself","robots":{"index":"noindex","follow":"follow","max-snippet":"max-snippet:-1","max-image-preview":"max-image-preview:large","max-video-preview":"max-video-preview:-1"},"og_locale":"de_DE","og_type":"article","og_title":"Terms of Use - Catwalk Yourself","og_description":"Wir haben unser Bestes getan, alle Urheberrechte und Bildnachweise zu ber\u00fccksichtigen und anzuf\u00fchren. Sollten Sie dennoch jegliche Verletzung dieser feststellen, bitten wir darum, mit uns in Kontakt zu treten. Wir&nbsp; &nbsp;... read more","og_url":"https:\/\/staging.catwalkyourself.com\/de\/terms-of-use\/","og_site_name":"Catwalk Yourself","article_modified_time":"2012-10-31T14:10:06+00:00","twitter_card":"summary_large_image","twitter_misc":{"Est. reading time":"2 minutes"},"schema":{"@context":"https:\/\/schema.org","@graph":[{"@type":"WebPage","@id":"https:\/\/staging.catwalkyourself.com\/de\/terms-of-use\/","url":"https:\/\/staging.catwalkyourself.com\/de\/terms-of-use\/","name":"Terms of Use - Catwalk Yourself","isPartOf":{"@id":"https:\/\/staging.catwalkyourself.com\/#website"},"datePublished":"2012-10-31T12:48:36+00:00","dateModified":"2012-10-31T14:10:06+00:00","inLanguage":"de-DE","potentialAction":[{"@type":"ReadAction","target":["https:\/\/staging.catwalkyourself.com\/de\/terms-of-use\/"]}]},{"@type":"WebSite","@id":"https:\/\/staging.catwalkyourself.com\/#website","url":"https:\/\/staging.catwalkyourself.com\/","name":"Catwalk Yourself","description":"","potentialAction":[{"@type":"SearchAction","target":{"@type":"EntryPoint","urlTemplate":"https:\/\/staging.catwalkyourself.com\/?s={search_term_string}"},"query-input":"required name=search_term_string"}],"inLanguage":"de-DE"}]}},"_links":{"self":[{"href":"https:\/\/staging.catwalkyourself.com\/de\/wp-json\/wp\/v2\/pages\/12847"}],"collection":[{"href":"https:\/\/staging.catwalkyourself.com\/de\/wp-json\/wp\/v2\/pages"}],"about":[{"href":"https:\/\/staging.catwalkyourself.com\/de\/wp-json\/wp\/v2\/types\/page"}],"author":[{"embeddable":true,"href":"https:\/\/staging.catwalkyourself.com\/de\/wp-json\/wp\/v2\/users\/1"}],"replies":[{"embeddable":true,"href":"https:\/\/staging.catwalkyourself.com\/de\/wp-json\/wp\/v2\/comments?post=12847"}],"version-history":[{"count":2,"href":"https:\/\/staging.catwalkyourself.com\/de\/wp-json\/wp\/v2\/pages\/12847\/revisions"}],"predecessor-version":[{"id":12848,"href":"https:\/\/staging.catwalkyourself.com\/de\/wp-json\/wp\/v2\/pages\/12847\/revisions\/12848"}],"wp:attachment":[{"href":"https:\/\/staging.catwalkyourself.com\/de\/wp-json\/wp\/v2\/media?parent=12847"}],"curies":[{"name":"wp","href":"https:\/\/api.w.org\/{rel}","templated":true}]}}